{"id":24145,"date":"2020-10-05T13:33:11","date_gmt":"2020-10-05T10:33:11","guid":{"rendered":"https:\/\/ddt.lv\/lv\/?post_type=product&#038;p=24145"},"modified":"2023-03-09T11:13:44","modified_gmt":"2023-03-09T09:13:44","slug":"elektriskais-grils-sage-the-bbq-grill-sgr800-bss","status":"publish","type":"product","link":"https:\/\/ddt.lv\/lv\/product\/elektriskais-grils-sage-the-bbq-grill-sgr800-bss\/","title":{"rendered":"Elektriskais grils SAGE the BBQ Grill\u2122"},"content":{"rendered":"<p>Izmantojiet \u0161o elektrisko grilu k\u0101 kontaktgrilu vai atv\u0113rtu b\u0101rbekj\u016b grilu.\u00a0Grils ir apr\u012bkots ar main\u012bgas temperat\u016bras vad\u012bbas skalu. Vienk\u0101r\u0161i izv\u0113lieties temperat\u016bru, kas ir piem\u0113rota j\u016bsu izv\u0113l\u0113tajiem produktiem.\u00a015 min\u016b\u0161u taimeris<\/p>","protected":false},"excerpt":{"rendered":"<p>Izmantojiet \u0161o elektrisko grilu k\u0101 kontaktgrilu vai atv\u0113rtu b\u0101rbekj\u016b grilu.\u00a0Grils ir apr\u012bkots ar main\u012bgas temperat\u016bras vad\u012bbas skalu. Vienk\u0101r\u0161i izv\u0113lieties temperat\u016bru, kas ir piem\u0113rota j\u016bsu izv\u0113l\u0113tajiem produktiem.\u00a015 min\u016b\u0161u taimeris<\/p>\n","protected":false},"featured_media":24146,"comment_status":"open","ping_status":"closed","template":"","meta":{"inline_featured_image":false},"product_cat":[521,522,533],"product_tag":[],"yst_prominent_words":[],"class_list":{"0":"post-24145","1":"product","2":"type-product","3":"status-publish","4":"has-post-thumbnail","6":"product_cat-sadzives-tehnika","7":"product_cat-virtuves-tehnika","8":"product_cat-sildplates-galda-grili","10":"first","11":"outofstock","12":"taxable","13":"shipping-taxable","14":"purchasable","15":"product-type-simple"},"jetpack_sharing_enabled":true,"_links":{"self":[{"href":"https:\/\/ddt.lv\/lv\/wp-json\/wp\/v2\/product\/24145"}],"collection":[{"href":"https:\/\/ddt.lv\/lv\/wp-json\/wp\/v2\/product"}],"about":[{"href":"https:\/\/ddt.lv\/lv\/wp-json\/wp\/v2\/types\/product"}],"replies":[{"embeddable":true,"href":"https:\/\/ddt.lv\/lv\/wp-json\/wp\/v2\/comments?post=24145"}],"wp:featuredmedia":[{"embeddable":true,"href":"https:\/\/ddt.lv\/lv\/wp-json\/wp\/v2\/media\/24146"}],"wp:attachment":[{"href":"https:\/\/ddt.lv\/lv\/wp-json\/wp\/v2\/media?parent=24145"}],"wp:term":[{"taxonomy":"product_cat","embeddable":true,"href":"https:\/\/ddt.lv\/lv\/wp-json\/wp\/v2\/product_cat?post=24145"},{"taxonomy":"product_tag","embeddable":true,"href":"https:\/\/ddt.lv\/lv\/wp-json\/wp\/v2\/product_tag?post=24145"},{"taxonomy":"yst_prominent_words","embeddable":true,"href":"https:\/\/ddt.lv\/lv\/wp-json\/wp\/v2\/yst_prominent_words?post=24145"}],"curies":[{"name":"wp","href":"https:\/\/api.w.org\/{rel}","templated":true}]}}