{"id":24138,"date":"2020-10-05T11:24:40","date_gmt":"2020-10-05T08:24:40","guid":{"rendered":"https:\/\/ddt.lv\/lv\/?post_type=product&#038;p=24138"},"modified":"2021-05-15T12:31:16","modified_gmt":"2021-05-15T09:31:16","slug":"saldejuma-aparats-masina-sage-the-smart-scoop-sci600-bss","status":"publish","type":"product","link":"https:\/\/ddt.lv\/lv\/product\/saldejuma-aparats-masina-sage-the-smart-scoop-sci600-bss\/","title":{"rendered":"Sald\u0113juma apar\u0101ts, ma\u0161\u012bna SAGE the Smart Scoop\u2122 SCI600 BSS"},"content":{"rendered":"","protected":false},"excerpt":{"rendered":"","protected":false},"featured_media":24139,"comment_status":"open","ping_status":"closed","template":"","meta":{"inline_featured_image":false},"product_cat":[521,522,527],"product_tag":[],"yst_prominent_words":[],"class_list":{"0":"post-24138","1":"product","2":"type-product","3":"status-publish","4":"has-post-thumbnail","6":"product_cat-sadzives-tehnika","7":"product_cat-virtuves-tehnika","8":"product_cat-saldejuma-un-popkorna-aparati","10":"first","11":"outofstock","12":"taxable","13":"shipping-taxable","14":"purchasable","15":"product-type-simple"},"jetpack_sharing_enabled":true,"_links":{"self":[{"href":"https:\/\/ddt.lv\/lv\/wp-json\/wp\/v2\/product\/24138"}],"collection":[{"href":"https:\/\/ddt.lv\/lv\/wp-json\/wp\/v2\/product"}],"about":[{"href":"https:\/\/ddt.lv\/lv\/wp-json\/wp\/v2\/types\/product"}],"replies":[{"embeddable":true,"href":"https:\/\/ddt.lv\/lv\/wp-json\/wp\/v2\/comments?post=24138"}],"wp:featuredmedia":[{"embeddable":true,"href":"https:\/\/ddt.lv\/lv\/wp-json\/wp\/v2\/media\/24139"}],"wp:attachment":[{"href":"https:\/\/ddt.lv\/lv\/wp-json\/wp\/v2\/media?parent=24138"}],"wp:term":[{"taxonomy":"product_cat","embeddable":true,"href":"https:\/\/ddt.lv\/lv\/wp-json\/wp\/v2\/product_cat?post=24138"},{"taxonomy":"product_tag","embeddable":true,"href":"https:\/\/ddt.lv\/lv\/wp-json\/wp\/v2\/product_tag?post=24138"},{"taxonomy":"yst_prominent_words","embeddable":true,"href":"https:\/\/ddt.lv\/lv\/wp-json\/wp\/v2\/yst_prominent_words?post=24138"}],"curies":[{"name":"wp","href":"https:\/\/api.w.org\/{rel}","templated":true}]}}