{"id":24126,"date":"2020-10-05T10:42:25","date_gmt":"2020-10-05T07:42:25","guid":{"rendered":"https:\/\/ddt.lv\/lv\/?post_type=product&#038;p=24126"},"modified":"2021-05-15T12:32:00","modified_gmt":"2021-05-15T09:32:00","slug":"galas-malama-masina-stollar-the-power-grind-bmg800","status":"publish","type":"product","link":"https:\/\/ddt.lv\/lv\/product\/galas-malama-masina-stollar-the-power-grind-bmg800\/","title":{"rendered":"Ga\u013cas ma\u013cam\u0101 ma\u0161\u012bna Stollar the Power Grind BMG800"},"content":{"rendered":"<p>Jaud\u012bga 2000W ga\u013cas ma\u013cam\u0101 ma\u0161\u012bna dro\u0161\u0101 met\u0101la korpus\u0101 ar motora aizsardz\u012bbas sist\u0113mu pret p\u0101rkar\u0161anu un p\u0101rslodzi.\u00a0Uzskat\u0101ma reversa sist\u0113ma nodro\u0161ina papildu kontroli darb\u0101 ar ga\u013cas ma\u013camo ma\u0161\u012bnu, bet\u00a0iztur\u012bgs met\u0101la zobratu\u00a0p\u0101rvads nodro\u0161ina stabilu darb\u012bbu un ilgu kalpo\u0161anas laiku.<\/p>","protected":false},"excerpt":{"rendered":"<p>Jaud\u012bga 2000W ga\u013cas ma\u013cam\u0101 ma\u0161\u012bna dro\u0161\u0101 met\u0101la korpus\u0101 ar motora aizsardz\u012bbas sist\u0113mu pret p\u0101rkar\u0161anu un p\u0101rslodzi.\u00a0Uzskat\u0101ma reversa sist\u0113ma nodro\u0161ina papildu kontroli darb\u0101 ar ga\u013cas ma\u013camo ma\u0161\u012bnu, bet\u00a0iztur\u012bgs met\u0101la zobratu\u00a0p\u0101rvads nodro\u0161ina stabilu darb\u012bbu un ilgu kalpo\u0161anas laiku.<\/p>\n","protected":false},"featured_media":24127,"comment_status":"open","ping_status":"closed","template":"","meta":{"inline_featured_image":false},"product_cat":[521,522,537],"product_tag":[],"yst_prominent_words":[],"class_list":{"0":"post-24126","1":"product","2":"type-product","3":"status-publish","4":"has-post-thumbnail","6":"product_cat-sadzives-tehnika","7":"product_cat-virtuves-tehnika","8":"product_cat-galas-malamas-masinas","10":"first","11":"outofstock","12":"taxable","13":"shipping-taxable","14":"purchasable","15":"product-type-simple"},"jetpack_sharing_enabled":true,"_links":{"self":[{"href":"https:\/\/ddt.lv\/lv\/wp-json\/wp\/v2\/product\/24126"}],"collection":[{"href":"https:\/\/ddt.lv\/lv\/wp-json\/wp\/v2\/product"}],"about":[{"href":"https:\/\/ddt.lv\/lv\/wp-json\/wp\/v2\/types\/product"}],"replies":[{"embeddable":true,"href":"https:\/\/ddt.lv\/lv\/wp-json\/wp\/v2\/comments?post=24126"}],"wp:featuredmedia":[{"embeddable":true,"href":"https:\/\/ddt.lv\/lv\/wp-json\/wp\/v2\/media\/24127"}],"wp:attachment":[{"href":"https:\/\/ddt.lv\/lv\/wp-json\/wp\/v2\/media?parent=24126"}],"wp:term":[{"taxonomy":"product_cat","embeddable":true,"href":"https:\/\/ddt.lv\/lv\/wp-json\/wp\/v2\/product_cat?post=24126"},{"taxonomy":"product_tag","embeddable":true,"href":"https:\/\/ddt.lv\/lv\/wp-json\/wp\/v2\/product_tag?post=24126"},{"taxonomy":"yst_prominent_words","embeddable":true,"href":"https:\/\/ddt.lv\/lv\/wp-json\/wp\/v2\/yst_prominent_words?post=24126"}],"curies":[{"name":"wp","href":"https:\/\/api.w.org\/{rel}","templated":true}]}}