{"id":24091,"date":"2020-10-02T14:43:16","date_gmt":"2020-10-02T11:43:16","guid":{"rendered":"https:\/\/ddt.lv\/lv\/?post_type=product&#038;p=24091"},"modified":"2021-05-15T12:32:07","modified_gmt":"2021-05-15T09:32:07","slug":"grauzdinu-tosteris-sage-the-bit-more-4-grauzdiniem-sta730-bss","status":"publish","type":"product","link":"https:\/\/ddt.lv\/lv\/product\/grauzdinu-tosteris-sage-the-bit-more-4-grauzdiniem-sta730-bss\/","title":{"rendered":"Grauzdi\u0146u tosteris SAGE the Bit More\u2122 4 grauzdi\u0146iem STA730 BSS"},"content":{"rendered":"<p>Tosteris, kas nepie\u013cauj grauzdi\u0146a piedeg\u0161anu!<\/p>","protected":false},"excerpt":{"rendered":"<p>Tosteris, kas nepie\u013cauj grauzdi\u0146a piedeg\u0161anu!<\/p>\n","protected":false},"featured_media":24092,"comment_status":"open","ping_status":"closed","template":"","meta":{"inline_featured_image":false},"product_cat":[521,522,531],"product_tag":[],"yst_prominent_words":[],"class_list":{"0":"post-24091","1":"product","2":"type-product","3":"status-publish","4":"has-post-thumbnail","6":"product_cat-sadzives-tehnika","7":"product_cat-virtuves-tehnika","8":"product_cat-tosteri","10":"first","11":"outofstock","12":"taxable","13":"shipping-taxable","14":"purchasable","15":"product-type-simple"},"jetpack_sharing_enabled":true,"_links":{"self":[{"href":"https:\/\/ddt.lv\/lv\/wp-json\/wp\/v2\/product\/24091"}],"collection":[{"href":"https:\/\/ddt.lv\/lv\/wp-json\/wp\/v2\/product"}],"about":[{"href":"https:\/\/ddt.lv\/lv\/wp-json\/wp\/v2\/types\/product"}],"replies":[{"embeddable":true,"href":"https:\/\/ddt.lv\/lv\/wp-json\/wp\/v2\/comments?post=24091"}],"wp:featuredmedia":[{"embeddable":true,"href":"https:\/\/ddt.lv\/lv\/wp-json\/wp\/v2\/media\/24092"}],"wp:attachment":[{"href":"https:\/\/ddt.lv\/lv\/wp-json\/wp\/v2\/media?parent=24091"}],"wp:term":[{"taxonomy":"product_cat","embeddable":true,"href":"https:\/\/ddt.lv\/lv\/wp-json\/wp\/v2\/product_cat?post=24091"},{"taxonomy":"product_tag","embeddable":true,"href":"https:\/\/ddt.lv\/lv\/wp-json\/wp\/v2\/product_tag?post=24091"},{"taxonomy":"yst_prominent_words","embeddable":true,"href":"https:\/\/ddt.lv\/lv\/wp-json\/wp\/v2\/yst_prominent_words?post=24091"}],"curies":[{"name":"wp","href":"https:\/\/api.w.org\/{rel}","templated":true}]}}