{"id":24055,"date":"2020-10-01T12:11:03","date_gmt":"2020-10-01T09:11:03","guid":{"rendered":"https:\/\/ddt.lv\/lv\/?post_type=product&#038;p=24055"},"modified":"2021-05-15T12:32:15","modified_gmt":"2021-05-15T09:32:15","slug":"mini-cepeskrasns-sage-the-smart-oven-pro-bov820-bss","status":"publish","type":"product","link":"https:\/\/ddt.lv\/lv\/product\/mini-cepeskrasns-sage-the-smart-oven-pro-bov820-bss\/","title":{"rendered":"Mini cepe\u0161kr\u0101sns SAGE the Smart Oven\u2122 Pro BOV820 BSS"},"content":{"rendered":"<p>Cepe\u0161kr\u0101sns, kas padod siltumu vajadz\u012bgaj\u0101 viet\u0101 un laik\u0101. Pirm\u0101 cepe\u0161kr\u0101sns ar Element IQ\u00ae, kas vada sildelementus atbilsto\u0161i jebk\u0101dam gatavotajam \u0113dienam.<\/p>","protected":false},"excerpt":{"rendered":"<p>Cepe\u0161kr\u0101sns, kas padod siltumu vajadz\u012bgaj\u0101 viet\u0101 un laik\u0101. Pirm\u0101 cepe\u0161kr\u0101sns ar Element IQ\u00ae, kas vada sildelementus atbilsto\u0161i jebk\u0101dam gatavotajam \u0113dienam.<\/p>\n","protected":false},"featured_media":24056,"comment_status":"open","ping_status":"closed","template":"","meta":{"inline_featured_image":false},"product_cat":[522,536],"product_tag":[],"yst_prominent_words":[],"class_list":{"0":"post-24055","1":"product","2":"type-product","3":"status-publish","4":"has-post-thumbnail","6":"product_cat-virtuves-tehnika","7":"product_cat-elektriskas-krasnis","9":"first","10":"outofstock","11":"taxable","12":"shipping-taxable","13":"purchasable","14":"product-type-simple"},"jetpack_sharing_enabled":true,"_links":{"self":[{"href":"https:\/\/ddt.lv\/lv\/wp-json\/wp\/v2\/product\/24055"}],"collection":[{"href":"https:\/\/ddt.lv\/lv\/wp-json\/wp\/v2\/product"}],"about":[{"href":"https:\/\/ddt.lv\/lv\/wp-json\/wp\/v2\/types\/product"}],"replies":[{"embeddable":true,"href":"https:\/\/ddt.lv\/lv\/wp-json\/wp\/v2\/comments?post=24055"}],"wp:featuredmedia":[{"embeddable":true,"href":"https:\/\/ddt.lv\/lv\/wp-json\/wp\/v2\/media\/24056"}],"wp:attachment":[{"href":"https:\/\/ddt.lv\/lv\/wp-json\/wp\/v2\/media?parent=24055"}],"wp:term":[{"taxonomy":"product_cat","embeddable":true,"href":"https:\/\/ddt.lv\/lv\/wp-json\/wp\/v2\/product_cat?post=24055"},{"taxonomy":"product_tag","embeddable":true,"href":"https:\/\/ddt.lv\/lv\/wp-json\/wp\/v2\/product_tag?post=24055"},{"taxonomy":"yst_prominent_words","embeddable":true,"href":"https:\/\/ddt.lv\/lv\/wp-json\/wp\/v2\/yst_prominent_words?post=24055"}],"curies":[{"name":"wp","href":"https:\/\/api.w.org\/{rel}","templated":true}]}}