{"id":23893,"date":"2020-09-09T11:35:39","date_gmt":"2020-09-09T08:35:39","guid":{"rendered":"https:\/\/ddt.lv\/lv\/?post_type=product&#038;p=23893"},"modified":"2021-05-15T12:33:21","modified_gmt":"2021-05-15T09:33:21","slug":"kruze-piena-putosanai-sage-the-temp-control-ses003-bss","status":"publish","type":"product","link":"https:\/\/ddt.lv\/lv\/product\/kruze-piena-putosanai-sage-the-temp-control-ses003-bss\/","title":{"rendered":"Kr\u016bze piena puto\u0161anai SAGE the Temp Control SES003 BSS"},"content":{"rendered":"<p>Kr\u016bze piena puto\u0161anai ir apr\u012bkota ar temperat\u016bras skalu, lai j\u016bs vienm\u0113r zin\u0101tu piena sild\u012b\u0161anas temperat\u016bru. Izmantojot ieb\u016bv\u0113to termometru, j\u016bs varat uzsild\u012bt pienu no 55 l\u012bdz 75 gr\u0101diem.\u00a0Piena kr\u016bze izgatavota no 1 mm augstas kvalit\u0101tes ner\u016bs\u0113jo\u0161\u0101 t\u0113rauda, bet ergonomiskais rokturis ir izstr\u0101d\u0101ts\u00a0\u012bpa\u0161i \u0113rtai lieto\u0161anai.<\/p>\n<p>Tilpums: 480 ml<\/p>","protected":false},"excerpt":{"rendered":"<p>Kr\u016bze piena puto\u0161anai ir apr\u012bkota ar temperat\u016bras skalu, lai j\u016bs vienm\u0113r zin\u0101tu piena sild\u012b\u0161anas temperat\u016bru. Izmantojot ieb\u016bv\u0113to termometru, j\u016bs varat uzsild\u012bt pienu no 55 l\u012bdz 75 gr\u0101diem.\u00a0Piena kr\u016bze izgatavota no 1 mm augstas kvalit\u0101tes ner\u016bs\u0113jo\u0161\u0101 t\u0113rauda, bet ergonomiskais rokturis ir izstr\u0101d\u0101ts\u00a0\u012bpa\u0161i \u0113rtai lieto\u0161anai. Tilpums: 480 ml<\/p>\n","protected":false},"featured_media":23895,"comment_status":"open","ping_status":"closed","template":"","meta":{"inline_featured_image":false},"product_cat":[521,522,938],"product_tag":[],"yst_prominent_words":[],"class_list":{"0":"post-23893","1":"product","2":"type-product","3":"status-publish","4":"has-post-thumbnail","6":"product_cat-sadzives-tehnika","7":"product_cat-virtuves-tehnika","8":"product_cat-kafijas-automati-un-piederumi","10":"first","11":"outofstock","12":"taxable","13":"shipping-taxable","14":"purchasable","15":"product-type-simple"},"jetpack_sharing_enabled":true,"_links":{"self":[{"href":"https:\/\/ddt.lv\/lv\/wp-json\/wp\/v2\/product\/23893"}],"collection":[{"href":"https:\/\/ddt.lv\/lv\/wp-json\/wp\/v2\/product"}],"about":[{"href":"https:\/\/ddt.lv\/lv\/wp-json\/wp\/v2\/types\/product"}],"replies":[{"embeddable":true,"href":"https:\/\/ddt.lv\/lv\/wp-json\/wp\/v2\/comments?post=23893"}],"wp:featuredmedia":[{"embeddable":true,"href":"https:\/\/ddt.lv\/lv\/wp-json\/wp\/v2\/media\/23895"}],"wp:attachment":[{"href":"https:\/\/ddt.lv\/lv\/wp-json\/wp\/v2\/media?parent=23893"}],"wp:term":[{"taxonomy":"product_cat","embeddable":true,"href":"https:\/\/ddt.lv\/lv\/wp-json\/wp\/v2\/product_cat?post=23893"},{"taxonomy":"product_tag","embeddable":true,"href":"https:\/\/ddt.lv\/lv\/wp-json\/wp\/v2\/product_tag?post=23893"},{"taxonomy":"yst_prominent_words","embeddable":true,"href":"https:\/\/ddt.lv\/lv\/wp-json\/wp\/v2\/yst_prominent_words?post=23893"}],"curies":[{"name":"wp","href":"https:\/\/api.w.org\/{rel}","templated":true}]}}