{"id":23636,"date":"2020-08-03T15:50:54","date_gmt":"2020-08-03T12:50:54","guid":{"rendered":"https:\/\/ddt.lv\/lv\/product\/led-spuldze-emos-vintage-bumbina-e14-2w-230v-170lm-2200k\/"},"modified":"2026-04-27T08:37:18","modified_gmt":"2026-04-27T05:37:18","slug":"led-spuldze-emos-vintage-bumbina-e14-2w-230v-170lm-2200k","status":"publish","type":"product","link":"https:\/\/ddt.lv\/lv\/product\/led-spuldze-emos-vintage-bumbina-e14-2w-230v-170lm-2200k\/","title":{"rendered":"LED spuldze EMOS VINTAGE Bumbi\u0146a E27 2W 230V 170lm 2200K"},"content":{"rendered":"<p>Silti zeltaina gaisma, laba izv\u0113le tera\u0161u virten\u0113m.<\/p>","protected":false},"excerpt":{"rendered":"<p>Silti zeltaina gaisma, laba izv\u0113le tera\u0161u virten\u0113m.<\/p>\n","protected":false},"featured_media":23637,"comment_status":"closed","ping_status":"closed","template":"","meta":{"inline_featured_image":false},"product_cat":[875],"product_tag":[],"yst_prominent_words":[],"class_list":{"0":"post-23636","1":"product","2":"type-product","3":"status-publish","4":"has-post-thumbnail","6":"product_cat-dekorativas-led-spuldzes-dekorativas-spuldzes-spuldzes","8":"first","9":"instock","10":"taxable","11":"shipping-taxable","12":"purchasable","13":"product-type-simple"},"jetpack_sharing_enabled":true,"_links":{"self":[{"href":"https:\/\/ddt.lv\/lv\/wp-json\/wp\/v2\/product\/23636"}],"collection":[{"href":"https:\/\/ddt.lv\/lv\/wp-json\/wp\/v2\/product"}],"about":[{"href":"https:\/\/ddt.lv\/lv\/wp-json\/wp\/v2\/types\/product"}],"replies":[{"embeddable":true,"href":"https:\/\/ddt.lv\/lv\/wp-json\/wp\/v2\/comments?post=23636"}],"wp:featuredmedia":[{"embeddable":true,"href":"https:\/\/ddt.lv\/lv\/wp-json\/wp\/v2\/media\/23637"}],"wp:attachment":[{"href":"https:\/\/ddt.lv\/lv\/wp-json\/wp\/v2\/media?parent=23636"}],"wp:term":[{"taxonomy":"product_cat","embeddable":true,"href":"https:\/\/ddt.lv\/lv\/wp-json\/wp\/v2\/product_cat?post=23636"},{"taxonomy":"product_tag","embeddable":true,"href":"https:\/\/ddt.lv\/lv\/wp-json\/wp\/v2\/product_tag?post=23636"},{"taxonomy":"yst_prominent_words","embeddable":true,"href":"https:\/\/ddt.lv\/lv\/wp-json\/wp\/v2\/yst_prominent_words?post=23636"}],"curies":[{"name":"wp","href":"https:\/\/api.w.org\/{rel}","templated":true}]}}