{"id":23580,"date":"2020-07-27T10:12:28","date_gmt":"2020-07-27T07:12:28","guid":{"rendered":"https:\/\/ddt.lv\/lv\/product\/led-dekors-diega-bumbas-emos-10led-0-6w-2xaa-ip20-1m-ww\/"},"modified":"2026-04-01T00:12:08","modified_gmt":"2026-03-31T21:12:08","slug":"led-dekors-diega-bumbas-emos-10led-0-6w-2xaa-ip20-1m-ww","status":"publish","type":"product","link":"https:\/\/ddt.lv\/lv\/product\/led-dekors-diega-bumbas-emos-10led-0-6w-2xaa-ip20-1m-ww-4\/","title":{"rendered":"LED dekors diega bumbas Emos 10LED 0.6W 2xAA IP20 1m WW"},"content":{"rendered":"<p>Atvainojiet, inform\u0101cija tiek papildin\u0101ta. Ja rodas jaut\u0101jumi par k\u0101du no produktiem, dro\u0161i, sazinieties ar mums!<\/p>\n","protected":false},"excerpt":{"rendered":"<p>Atvainojiet, inform\u0101cija tiek papildin\u0101ta. Ja rodas jaut\u0101jumi par k\u0101du no produktiem, dro\u0161i, sazinieties ar mums!<\/p>\n","protected":false},"featured_media":23602,"comment_status":"closed","ping_status":"closed","template":"","meta":{"inline_featured_image":false},"product_cat":[913],"product_tag":[],"yst_prominent_words":[],"class_list":{"0":"post-23580","1":"product","2":"type-product","3":"status-publish","4":"has-post-thumbnail","6":"product_cat-iekstelpu-dekori-led-virtenes-un-dekoracijas","8":"first","9":"outofstock","10":"taxable","11":"shipping-taxable","12":"purchasable","13":"product-type-simple"},"jetpack_sharing_enabled":true,"_links":{"self":[{"href":"https:\/\/ddt.lv\/lv\/wp-json\/wp\/v2\/product\/23580"}],"collection":[{"href":"https:\/\/ddt.lv\/lv\/wp-json\/wp\/v2\/product"}],"about":[{"href":"https:\/\/ddt.lv\/lv\/wp-json\/wp\/v2\/types\/product"}],"replies":[{"embeddable":true,"href":"https:\/\/ddt.lv\/lv\/wp-json\/wp\/v2\/comments?post=23580"}],"wp:featuredmedia":[{"embeddable":true,"href":"https:\/\/ddt.lv\/lv\/wp-json\/wp\/v2\/media\/23602"}],"wp:attachment":[{"href":"https:\/\/ddt.lv\/lv\/wp-json\/wp\/v2\/media?parent=23580"}],"wp:term":[{"taxonomy":"product_cat","embeddable":true,"href":"https:\/\/ddt.lv\/lv\/wp-json\/wp\/v2\/product_cat?post=23580"},{"taxonomy":"product_tag","embeddable":true,"href":"https:\/\/ddt.lv\/lv\/wp-json\/wp\/v2\/product_tag?post=23580"},{"taxonomy":"yst_prominent_words","embeddable":true,"href":"https:\/\/ddt.lv\/lv\/wp-json\/wp\/v2\/yst_prominent_words?post=23580"}],"curies":[{"name":"wp","href":"https:\/\/api.w.org\/{rel}","templated":true}]}}