{"id":23568,"date":"2020-07-23T12:03:17","date_gmt":"2020-07-23T09:03:17","guid":{"rendered":"https:\/\/ddt.lv\/lv\/product\/elektriska-tejkanna-ar-regulejamu-temperaturu-1-5l-unold\/"},"modified":"2026-04-13T09:48:00","modified_gmt":"2026-04-13T06:48:00","slug":"elektriska-tejkanna-ar-regulejamu-temperaturu-1-5l-unold","status":"publish","type":"product","link":"https:\/\/ddt.lv\/lv\/product\/elektriska-tejkanna-ar-regulejamu-temperaturu-1-5l-unold\/","title":{"rendered":"Elektrisk\u0101 t\u0113jkanna ar regul\u0113jamu temperat\u016bru 1.5l UNOLD"},"content":{"rendered":"<p>Kad jauda satiekas ar precizit\u0101ti: \u0160is ir \u012bss WATER \/ TEA KETTLE Digital t\u0113jkannas apraksts! Ar t\u0101 1850 l\u012bdz 2200 W jaudas pal\u012bdz\u012bbu tas \u0101tri uzv\u0101ra l\u012bdz 1,5 litriem \u016bdens. Atkar\u012bb\u0101 no t\u0113jas veida temperat\u016bru var regul\u0113t, izmantojot vad\u012bbas paneli: 75 \u00b0 C, 80 \u00b0 C, 85 \u00b0 C, 90 \u00b0 C, 95 \u00b0 C, 100 \u00b0 C. temperat\u016br\u0101s.<\/p>\n","protected":false},"excerpt":{"rendered":"<p>Kad jauda satiekas ar precizit\u0101ti: \u0160is ir \u012bss WATER \/ TEA KETTLE Digital t\u0113jkannas apraksts! Ar t\u0101 1850 l\u012bdz 2200 W jaudas pal\u012bdz\u012bbu tas \u0101tri uzv\u0101ra l\u012bdz 1,5 litriem \u016bdens. Atkar\u012bb\u0101 no t\u0113jas veida temperat\u016bru var regul\u0113t, izmantojot vad\u012bbas paneli: 75 \u00b0 C, 80 \u00b0 C, 85 \u00b0 C, 90 \u00b0 C, 95 \u00b0 C, [&hellip;]<\/p>\n","protected":false},"featured_media":23569,"comment_status":"closed","ping_status":"closed","template":"","meta":{"inline_featured_image":false},"product_cat":[772,523],"product_tag":[],"yst_prominent_words":[],"class_list":{"0":"post-23568","1":"product","2":"type-product","3":"status-publish","4":"has-post-thumbnail","6":"product_cat-atlaides","7":"product_cat-tejkannas-kafijas-automati","9":"first","10":"outofstock","11":"sale","12":"taxable","13":"shipping-taxable","14":"purchasable","15":"product-type-simple"},"jetpack_sharing_enabled":true,"_links":{"self":[{"href":"https:\/\/ddt.lv\/lv\/wp-json\/wp\/v2\/product\/23568"}],"collection":[{"href":"https:\/\/ddt.lv\/lv\/wp-json\/wp\/v2\/product"}],"about":[{"href":"https:\/\/ddt.lv\/lv\/wp-json\/wp\/v2\/types\/product"}],"replies":[{"embeddable":true,"href":"https:\/\/ddt.lv\/lv\/wp-json\/wp\/v2\/comments?post=23568"}],"wp:featuredmedia":[{"embeddable":true,"href":"https:\/\/ddt.lv\/lv\/wp-json\/wp\/v2\/media\/23569"}],"wp:attachment":[{"href":"https:\/\/ddt.lv\/lv\/wp-json\/wp\/v2\/media?parent=23568"}],"wp:term":[{"taxonomy":"product_cat","embeddable":true,"href":"https:\/\/ddt.lv\/lv\/wp-json\/wp\/v2\/product_cat?post=23568"},{"taxonomy":"product_tag","embeddable":true,"href":"https:\/\/ddt.lv\/lv\/wp-json\/wp\/v2\/product_tag?post=23568"},{"taxonomy":"yst_prominent_words","embeddable":true,"href":"https:\/\/ddt.lv\/lv\/wp-json\/wp\/v2\/yst_prominent_words?post=23568"}],"curies":[{"name":"wp","href":"https:\/\/api.w.org\/{rel}","templated":true}]}}