{"id":23293,"date":"2020-06-29T10:35:41","date_gmt":"2020-06-29T07:35:41","guid":{"rendered":"https:\/\/ddt.lv\/lv\/product\/maizes-krasns-edel-1000g-550w-unold\/"},"modified":"2026-04-01T00:17:31","modified_gmt":"2026-03-31T21:17:31","slug":"maizes-krasns-edel-1000g-550w-unold","status":"publish","type":"product","link":"https:\/\/ddt.lv\/lv\/product\/maizes-krasns-edel-1000g-550w-unold\/","title":{"rendered":"Maizes kr\u0101sns Edel 1000g 550W UNOLD"},"content":{"rendered":"<p>Lieliska maizes kr\u0101sns, kura sp\u0113j pagatavot gan gais\u012bgu baltmaizes klaipu, gan k\u0101rt\u012bgu pilngraudu maizes klaipu. L\u012bdz pat 1000g maizes klaipa pagatavo\u0161ana. Visas programmas ir piem\u0113rotas ar\u012b maiz\u012btes pagatavo\u0161anai bez glut\u0113na. Cepe\u0161panna un m\u012bc\u012bt\u0101js ir apr\u012bkots ar augstas klases Whitford Fusion keramikas p\u0101rkl\u0101jumu. \u0112rta t\u012br\u012b\u0161ana un augstas klases rezult\u0101ti!<\/p>\n<p>Lejupl\u0101d\u0113jamaj\u0101 pdf lieto\u0161anas instrukcij\u0101 atrad\u012bsiet vair\u0101kas receptes gardas maizes pagatavo\u0161anai.<\/p>","protected":false},"excerpt":{"rendered":"<p>Lieliska maizes kr\u0101sns, kura sp\u0113j pagatavot gan gais\u012bgu baltmaizes klaipu, gan k\u0101rt\u012bgu pilngraudu maizes klaipu. L\u012bdz pat 1000g maizes klaipa pagatavo\u0161ana. Visas programmas ir piem\u0113rotas ar\u012b maiz\u012btes pagatavo\u0161anai bez glut\u0113na. Cepe\u0161panna un m\u012bc\u012bt\u0101js ir apr\u012bkots ar augstas klases Whitford Fusion keramikas p\u0101rkl\u0101jumu. \u0112rta t\u012br\u012b\u0161ana un augstas klases rezult\u0101ti! Lejupl\u0101d\u0113jamaj\u0101 pdf lieto\u0161anas instrukcij\u0101 atrad\u012bsiet vair\u0101kas receptes [&hellip;]<\/p>\n","protected":false},"featured_media":23330,"comment_status":"closed","ping_status":"closed","template":"","meta":{"inline_featured_image":false},"product_cat":[536],"product_tag":[],"yst_prominent_words":[],"class_list":{"0":"post-23293","1":"product","2":"type-product","3":"status-publish","4":"has-post-thumbnail","6":"product_cat-elektriskas-krasnis","8":"first","9":"instock","10":"taxable","11":"shipping-taxable","12":"purchasable","13":"product-type-simple"},"jetpack_sharing_enabled":true,"_links":{"self":[{"href":"https:\/\/ddt.lv\/lv\/wp-json\/wp\/v2\/product\/23293"}],"collection":[{"href":"https:\/\/ddt.lv\/lv\/wp-json\/wp\/v2\/product"}],"about":[{"href":"https:\/\/ddt.lv\/lv\/wp-json\/wp\/v2\/types\/product"}],"replies":[{"embeddable":true,"href":"https:\/\/ddt.lv\/lv\/wp-json\/wp\/v2\/comments?post=23293"}],"wp:featuredmedia":[{"embeddable":true,"href":"https:\/\/ddt.lv\/lv\/wp-json\/wp\/v2\/media\/23330"}],"wp:attachment":[{"href":"https:\/\/ddt.lv\/lv\/wp-json\/wp\/v2\/media?parent=23293"}],"wp:term":[{"taxonomy":"product_cat","embeddable":true,"href":"https:\/\/ddt.lv\/lv\/wp-json\/wp\/v2\/product_cat?post=23293"},{"taxonomy":"product_tag","embeddable":true,"href":"https:\/\/ddt.lv\/lv\/wp-json\/wp\/v2\/product_tag?post=23293"},{"taxonomy":"yst_prominent_words","embeddable":true,"href":"https:\/\/ddt.lv\/lv\/wp-json\/wp\/v2\/yst_prominent_words?post=23293"}],"curies":[{"name":"wp","href":"https:\/\/api.w.org\/{rel}","templated":true}]}}