{"id":23264,"date":"2020-06-17T16:08:58","date_gmt":"2020-06-17T13:08:58","guid":{"rendered":"https:\/\/ddt.lv\/lv\/product\/virtenes-pagarinajums-terasem-zy2293-10spuldzem-e27-075kw-ip44-7-35m-emos\/"},"modified":"2026-04-13T09:56:32","modified_gmt":"2026-04-13T06:56:32","slug":"virtenes-pagarinajums-terasem-zy2293-10spuldzem-e27-075kw-ip44-7-35m-emos","status":"publish","type":"product","link":"https:\/\/ddt.lv\/lv\/product\/virtenes-pagarinajums-terasem-zy2293-10spuldzem-e27-075kw-ip44-7-35m-emos\/","title":{"rendered":"Virtenes pagarin\u0101jums Teras\u0113m ZY2293 10spuldz\u0113m E27 0,75kW IP44 7.35m EMOS"},"content":{"rendered":"<p>Virtenes papildin\u0101jums Terases virtenei ZY2293.<\/p>\n","protected":false},"excerpt":{"rendered":"<p>Virtenes papildin\u0101jums Terases virtenei ZY2293.<\/p>\n","protected":false},"featured_media":23268,"comment_status":"closed","ping_status":"closed","template":"","meta":{"inline_featured_image":false},"product_cat":[1587,772,912],"product_tag":[],"yst_prominent_words":[],"class_list":{"0":"post-23264","1":"product","2":"type-product","3":"status-publish","4":"has-post-thumbnail","6":"product_cat-apgaismojums-virtenes","7":"product_cat-atlaides","8":"product_cat-ara-virtenes","10":"first","11":"instock","12":"sale","13":"taxable","14":"shipping-taxable","15":"purchasable","16":"product-type-simple"},"jetpack_sharing_enabled":true,"_links":{"self":[{"href":"https:\/\/ddt.lv\/lv\/wp-json\/wp\/v2\/product\/23264"}],"collection":[{"href":"https:\/\/ddt.lv\/lv\/wp-json\/wp\/v2\/product"}],"about":[{"href":"https:\/\/ddt.lv\/lv\/wp-json\/wp\/v2\/types\/product"}],"replies":[{"embeddable":true,"href":"https:\/\/ddt.lv\/lv\/wp-json\/wp\/v2\/comments?post=23264"}],"wp:featuredmedia":[{"embeddable":true,"href":"https:\/\/ddt.lv\/lv\/wp-json\/wp\/v2\/media\/23268"}],"wp:attachment":[{"href":"https:\/\/ddt.lv\/lv\/wp-json\/wp\/v2\/media?parent=23264"}],"wp:term":[{"taxonomy":"product_cat","embeddable":true,"href":"https:\/\/ddt.lv\/lv\/wp-json\/wp\/v2\/product_cat?post=23264"},{"taxonomy":"product_tag","embeddable":true,"href":"https:\/\/ddt.lv\/lv\/wp-json\/wp\/v2\/product_tag?post=23264"},{"taxonomy":"yst_prominent_words","embeddable":true,"href":"https:\/\/ddt.lv\/lv\/wp-json\/wp\/v2\/yst_prominent_words?post=23264"}],"curies":[{"name":"wp","href":"https:\/\/api.w.org\/{rel}","templated":true}]}}