{"id":22746,"date":"2020-05-22T13:37:43","date_gmt":"2020-05-22T10:37:43","guid":{"rendered":"https:\/\/ddt.lv\/lv\/product\/video-domofons-peleks-ip44-8-melod-emos\/"},"modified":"2026-04-01T00:17:22","modified_gmt":"2026-03-31T21:17:22","slug":"video-domofons-peleks-ip44-8-melod-emos","status":"publish","type":"product","link":"https:\/\/ddt.lv\/lv\/product\/video-domofons-peleks-ip44-8-melod-emos\/","title":{"rendered":"Video domofons pel\u0113ks IP44 8 melodijas EMOS"},"content":{"rendered":"<p>Video domofona komplekts ar 2 ieej\u0101m un iesp\u0113ju piesl\u0113gties 2 videonov\u0113ro\u0161anas kamer\u0101m. Att\u0113ls tiek par\u0101d\u012bts 7 &#8220;LCD monitor\u0101. Kontrole ar sk\u0101rienj\u016bt\u012bg\u0101m pog\u0101m.<\/p>\n","protected":false},"excerpt":{"rendered":"<p>Video domofona komplekts ar 2 ieej\u0101m un iesp\u0113ju piesl\u0113gties 2 videonov\u0113ro\u0161anas kamer\u0101m. Att\u0113ls tiek par\u0101d\u012bts 7 &#8220;LCD monitor\u0101. Kontrole ar sk\u0101rienj\u016bt\u012bg\u0101m pog\u0101m.<\/p>\n","protected":false},"featured_media":22755,"comment_status":"closed","ping_status":"closed","template":"","meta":{"inline_featured_image":false},"product_cat":[543],"product_tag":[],"yst_prominent_words":[],"class_list":{"0":"post-22746","1":"product","2":"type-product","3":"status-publish","4":"has-post-thumbnail","6":"product_cat-durvju-zvani","8":"first","9":"outofstock","10":"taxable","11":"shipping-taxable","12":"purchasable","13":"product-type-simple"},"jetpack_sharing_enabled":true,"_links":{"self":[{"href":"https:\/\/ddt.lv\/lv\/wp-json\/wp\/v2\/product\/22746"}],"collection":[{"href":"https:\/\/ddt.lv\/lv\/wp-json\/wp\/v2\/product"}],"about":[{"href":"https:\/\/ddt.lv\/lv\/wp-json\/wp\/v2\/types\/product"}],"replies":[{"embeddable":true,"href":"https:\/\/ddt.lv\/lv\/wp-json\/wp\/v2\/comments?post=22746"}],"wp:featuredmedia":[{"embeddable":true,"href":"https:\/\/ddt.lv\/lv\/wp-json\/wp\/v2\/media\/22755"}],"wp:attachment":[{"href":"https:\/\/ddt.lv\/lv\/wp-json\/wp\/v2\/media?parent=22746"}],"wp:term":[{"taxonomy":"product_cat","embeddable":true,"href":"https:\/\/ddt.lv\/lv\/wp-json\/wp\/v2\/product_cat?post=22746"},{"taxonomy":"product_tag","embeddable":true,"href":"https:\/\/ddt.lv\/lv\/wp-json\/wp\/v2\/product_tag?post=22746"},{"taxonomy":"yst_prominent_words","embeddable":true,"href":"https:\/\/ddt.lv\/lv\/wp-json\/wp\/v2\/yst_prominent_words?post=22746"}],"curies":[{"name":"wp","href":"https:\/\/api.w.org\/{rel}","templated":true}]}}