{"id":22718,"date":"2020-05-18T14:24:13","date_gmt":"2020-05-18T11:24:13","guid":{"rendered":"https:\/\/ddt.lv\/lv\/product\/tikls-pret-putniem-2x10m-s\/"},"modified":"2026-04-08T14:36:10","modified_gmt":"2026-04-08T11:36:10","slug":"tikls-pret-putniem-2x10m-s","status":"publish","type":"product","link":"https:\/\/ddt.lv\/lv\/product\/tikls-pret-putniem-2x10m-s\/","title":{"rendered":"T\u012bkls pret putniem 2x10m"},"content":{"rendered":"<p>T\u012bkls, kur\u0161 pasarg\u0101 d\u0101rza aug\u013cu kokus un kr\u016bmus no putniem.<\/p>","protected":false},"excerpt":{"rendered":"<p>T\u012bkls, kur\u0161 pasarg\u0101 d\u0101rza aug\u013cu kokus un kr\u016bmus no putniem.<\/p>\n","protected":false},"featured_media":22727,"comment_status":"closed","ping_status":"closed","template":"","meta":{"inline_featured_image":false},"product_cat":[921],"product_tag":[],"yst_prominent_words":[],"class_list":{"0":"post-22718","1":"product","2":"type-product","3":"status-publish","4":"has-post-thumbnail","6":"product_cat-ierices-pret-insektiem-u-c","8":"first","9":"outofstock","10":"taxable","11":"shipping-taxable","12":"purchasable","13":"product-type-simple"},"jetpack_sharing_enabled":true,"_links":{"self":[{"href":"https:\/\/ddt.lv\/lv\/wp-json\/wp\/v2\/product\/22718"}],"collection":[{"href":"https:\/\/ddt.lv\/lv\/wp-json\/wp\/v2\/product"}],"about":[{"href":"https:\/\/ddt.lv\/lv\/wp-json\/wp\/v2\/types\/product"}],"replies":[{"embeddable":true,"href":"https:\/\/ddt.lv\/lv\/wp-json\/wp\/v2\/comments?post=22718"}],"wp:featuredmedia":[{"embeddable":true,"href":"https:\/\/ddt.lv\/lv\/wp-json\/wp\/v2\/media\/22727"}],"wp:attachment":[{"href":"https:\/\/ddt.lv\/lv\/wp-json\/wp\/v2\/media?parent=22718"}],"wp:term":[{"taxonomy":"product_cat","embeddable":true,"href":"https:\/\/ddt.lv\/lv\/wp-json\/wp\/v2\/product_cat?post=22718"},{"taxonomy":"product_tag","embeddable":true,"href":"https:\/\/ddt.lv\/lv\/wp-json\/wp\/v2\/product_tag?post=22718"},{"taxonomy":"yst_prominent_words","embeddable":true,"href":"https:\/\/ddt.lv\/lv\/wp-json\/wp\/v2\/yst_prominent_words?post=22718"}],"curies":[{"name":"wp","href":"https:\/\/api.w.org\/{rel}","templated":true}]}}