{"id":22716,"date":"2020-05-18T14:24:12","date_gmt":"2020-05-18T11:24:12","guid":{"rendered":"https:\/\/ddt.lv\/lv\/product\/tikls-pret-putniem-4x5m\/"},"modified":"2026-04-08T14:36:08","modified_gmt":"2026-04-08T11:36:08","slug":"tikls-pret-putniem-4x5m","status":"publish","type":"product","link":"https:\/\/ddt.lv\/lv\/product\/tikls-pret-putniem-4x5m\/","title":{"rendered":"T\u012bkls pret putniem 4x5m"},"content":{"rendered":"<p>T\u012bkls, kur\u0161 pasarg\u0101 d\u0101rza aug\u013cu kokus un kr\u016bmus no putniem.<\/p>","protected":false},"excerpt":{"rendered":"<p>T\u012bkls, kur\u0161 pasarg\u0101 d\u0101rza aug\u013cu kokus un kr\u016bmus no putniem.<\/p>\n","protected":false},"featured_media":22728,"comment_status":"closed","ping_status":"closed","template":"","meta":{"inline_featured_image":false},"product_cat":[1585,772,921],"product_tag":[],"yst_prominent_words":[],"class_list":{"0":"post-22716","1":"product","2":"type-product","3":"status-publish","4":"has-post-thumbnail","6":"product_cat-ierices-pret-insektiem-u-c-darza-preces","7":"product_cat-atlaides","8":"product_cat-ierices-pret-insektiem-u-c","10":"first","11":"outofstock","12":"sale","13":"taxable","14":"shipping-taxable","15":"purchasable","16":"product-type-simple"},"jetpack_sharing_enabled":true,"_links":{"self":[{"href":"https:\/\/ddt.lv\/lv\/wp-json\/wp\/v2\/product\/22716"}],"collection":[{"href":"https:\/\/ddt.lv\/lv\/wp-json\/wp\/v2\/product"}],"about":[{"href":"https:\/\/ddt.lv\/lv\/wp-json\/wp\/v2\/types\/product"}],"replies":[{"embeddable":true,"href":"https:\/\/ddt.lv\/lv\/wp-json\/wp\/v2\/comments?post=22716"}],"wp:featuredmedia":[{"embeddable":true,"href":"https:\/\/ddt.lv\/lv\/wp-json\/wp\/v2\/media\/22728"}],"wp:attachment":[{"href":"https:\/\/ddt.lv\/lv\/wp-json\/wp\/v2\/media?parent=22716"}],"wp:term":[{"taxonomy":"product_cat","embeddable":true,"href":"https:\/\/ddt.lv\/lv\/wp-json\/wp\/v2\/product_cat?post=22716"},{"taxonomy":"product_tag","embeddable":true,"href":"https:\/\/ddt.lv\/lv\/wp-json\/wp\/v2\/product_tag?post=22716"},{"taxonomy":"yst_prominent_words","embeddable":true,"href":"https:\/\/ddt.lv\/lv\/wp-json\/wp\/v2\/yst_prominent_words?post=22716"}],"curies":[{"name":"wp","href":"https:\/\/api.w.org\/{rel}","templated":true}]}}