{"id":22715,"date":"2020-05-18T14:24:11","date_gmt":"2020-05-18T11:24:11","guid":{"rendered":"https:\/\/ddt.lv\/lv\/product\/pretinsektu-tikls-logiem-130x150cm-melns\/"},"modified":"2026-04-08T14:36:08","modified_gmt":"2026-04-08T11:36:08","slug":"pretinsektu-tikls-logiem-130x150cm-melns","status":"publish","type":"product","link":"https:\/\/ddt.lv\/lv\/product\/pretinsektu-tikls-logiem-130x150cm-melns\/","title":{"rendered":"Pretinsektu t\u012bkls logiem 130x150cm melns"},"content":{"rendered":"<p>T\u012bkls, kur\u0161 pasarg\u0101 no insektu nok\u013c\u016b\u0161anas iek\u0161telp\u0101s.<\/p>","protected":false},"excerpt":{"rendered":"<p>T\u012bkls, kur\u0161 pasarg\u0101 no insektu nok\u013c\u016b\u0161anas iek\u0161telp\u0101s.<\/p>\n","protected":false},"featured_media":22724,"comment_status":"closed","ping_status":"closed","template":"","meta":{"inline_featured_image":false},"product_cat":[921],"product_tag":[],"yst_prominent_words":[],"class_list":{"0":"post-22715","1":"product","2":"type-product","3":"status-publish","4":"has-post-thumbnail","6":"product_cat-ierices-pret-insektiem-u-c","8":"first","9":"instock","10":"taxable","11":"shipping-taxable","12":"purchasable","13":"product-type-simple"},"jetpack_sharing_enabled":true,"_links":{"self":[{"href":"https:\/\/ddt.lv\/lv\/wp-json\/wp\/v2\/product\/22715"}],"collection":[{"href":"https:\/\/ddt.lv\/lv\/wp-json\/wp\/v2\/product"}],"about":[{"href":"https:\/\/ddt.lv\/lv\/wp-json\/wp\/v2\/types\/product"}],"replies":[{"embeddable":true,"href":"https:\/\/ddt.lv\/lv\/wp-json\/wp\/v2\/comments?post=22715"}],"wp:featuredmedia":[{"embeddable":true,"href":"https:\/\/ddt.lv\/lv\/wp-json\/wp\/v2\/media\/22724"}],"wp:attachment":[{"href":"https:\/\/ddt.lv\/lv\/wp-json\/wp\/v2\/media?parent=22715"}],"wp:term":[{"taxonomy":"product_cat","embeddable":true,"href":"https:\/\/ddt.lv\/lv\/wp-json\/wp\/v2\/product_cat?post=22715"},{"taxonomy":"product_tag","embeddable":true,"href":"https:\/\/ddt.lv\/lv\/wp-json\/wp\/v2\/product_tag?post=22715"},{"taxonomy":"yst_prominent_words","embeddable":true,"href":"https:\/\/ddt.lv\/lv\/wp-json\/wp\/v2\/yst_prominent_words?post=22715"}],"curies":[{"name":"wp","href":"https:\/\/api.w.org\/{rel}","templated":true}]}}