{"id":22561,"date":"2020-04-17T14:32:18","date_gmt":"2020-04-17T11:32:18","guid":{"rendered":"https:\/\/ddt.lv\/lv\/product\/led-gls-filament-a60-e27-8-5w-230v-1060lm-2700k-dim-emos\/"},"modified":"2026-04-01T00:16:29","modified_gmt":"2026-03-31T21:16:29","slug":"led-gls-filament-a60-e27-8-5w-230v-1060lm-2700k-dim-emos","status":"publish","type":"product","link":"https:\/\/ddt.lv\/lv\/product\/led-gls-filament-a60-e27-8-5w-230v-1060lm-2700k-dim-emos\/","title":{"rendered":"LED spuldze EMOS GLS filamenta DIMM\u0112JAMA A60 E27 8.5W 230V 1060lm 2700K"},"content":{"rendered":"<p>Emos ir viens no vado\u0161ajiem Eiropas LED gaismas avotu ra\u017eot\u0101jiem. \u0160o ra\u017eot\u0101ju raksturo gadiem ilgi kr\u0101t\u0101 pieredze un inovat\u012bvi risin\u0101jumi m\u0101ksl\u012bg\u0101 apgaismojuma ra\u017eo\u0161an\u0101. Emos spuld\u017eu galven\u0101s iez\u012bmes: augsta gaismas atdeve un ilgs kalpo\u0161anas m\u016b\u017es!<\/p>\n","protected":false},"excerpt":{"rendered":"<p>Emos ir viens no vado\u0161ajiem Eiropas LED gaismas avotu ra\u017eot\u0101jiem. \u0160o ra\u017eot\u0101ju raksturo gadiem ilgi kr\u0101t\u0101 pieredze un inovat\u012bvi risin\u0101jumi m\u0101ksl\u012bg\u0101 apgaismojuma ra\u017eo\u0161an\u0101. Emos spuld\u017eu galven\u0101s iez\u012bmes: augsta gaismas atdeve un ilgs kalpo\u0161anas m\u016b\u017es!<\/p>\n","protected":false},"featured_media":22635,"comment_status":"closed","ping_status":"closed","template":"","meta":{"inline_featured_image":false},"product_cat":[925],"product_tag":[],"yst_prominent_words":[],"class_list":{"0":"post-22561","1":"product","2":"type-product","3":"status-publish","4":"has-post-thumbnail","6":"product_cat-filament-tipa-spuldzes","8":"first","9":"outofstock","10":"taxable","11":"shipping-taxable","12":"purchasable","13":"product-type-simple"},"jetpack_sharing_enabled":true,"_links":{"self":[{"href":"https:\/\/ddt.lv\/lv\/wp-json\/wp\/v2\/product\/22561"}],"collection":[{"href":"https:\/\/ddt.lv\/lv\/wp-json\/wp\/v2\/product"}],"about":[{"href":"https:\/\/ddt.lv\/lv\/wp-json\/wp\/v2\/types\/product"}],"replies":[{"embeddable":true,"href":"https:\/\/ddt.lv\/lv\/wp-json\/wp\/v2\/comments?post=22561"}],"wp:featuredmedia":[{"embeddable":true,"href":"https:\/\/ddt.lv\/lv\/wp-json\/wp\/v2\/media\/22635"}],"wp:attachment":[{"href":"https:\/\/ddt.lv\/lv\/wp-json\/wp\/v2\/media?parent=22561"}],"wp:term":[{"taxonomy":"product_cat","embeddable":true,"href":"https:\/\/ddt.lv\/lv\/wp-json\/wp\/v2\/product_cat?post=22561"},{"taxonomy":"product_tag","embeddable":true,"href":"https:\/\/ddt.lv\/lv\/wp-json\/wp\/v2\/product_tag?post=22561"},{"taxonomy":"yst_prominent_words","embeddable":true,"href":"https:\/\/ddt.lv\/lv\/wp-json\/wp\/v2\/yst_prominent_words?post=22561"}],"curies":[{"name":"wp","href":"https:\/\/api.w.org\/{rel}","templated":true}]}}