{"id":22545,"date":"2020-04-17T10:57:09","date_gmt":"2020-04-17T07:57:09","guid":{"rendered":"https:\/\/ddt.lv\/lv\/product\/maizes-krasns-classics-18036-56-russell-hobbs\/"},"modified":"2026-04-06T10:57:10","modified_gmt":"2026-04-06T07:57:10","slug":"maizes-krasns-classics-18036-56-russell-hobbs","status":"publish","type":"product","link":"https:\/\/ddt.lv\/lv\/product\/maizes-krasns-classics-18036-56-russell-hobbs\/","title":{"rendered":"Maizes kr\u0101sns &#8220;Classics&#8221; 18036-56 Russell Hobbs"},"content":{"rendered":"<p>Russell Hobbs Classics Fast bake maizes kr\u0101sni\u0146a maizes cep\u0161anu padara patie\u0161\u0101m vienk\u0101r\u0161u &#8211; jums vajag tikai ielikt sast\u0101vda\u013cas, izv\u0113l\u0113ties programmu, un maizes kr\u0101sni\u0146a j\u016bsu viet\u0101 to visu samais\u012bs un uzceps maiz\u012bti. Tai ir atlikt\u0101 laika funkcija, kas jums \u013cauj iestat\u012bt to t\u0101, lai maiz\u012bte b\u016btu gatava uzreiz p\u0113c j\u016bsu mo\u0161an\u0101s vai p\u0101rn\u0101k\u0161anas m\u0101j\u0101s p\u0113c darba. Tai ir ar\u012b regul\u0113jama garozas br\u016bnuma kontrole, lai j\u016bs var\u0113tu baud\u012bt t\u0101du maizi, k\u0101da jums gar\u0161o vislab\u0101k.<\/p>\n","protected":false},"excerpt":{"rendered":"<p>Russell Hobbs Classics Fast bake maizes kr\u0101sni\u0146a maizes cep\u0161anu padara patie\u0161\u0101m vienk\u0101r\u0161u &#8211; jums vajag tikai ielikt sast\u0101vda\u013cas, izv\u0113l\u0113ties programmu, un maizes kr\u0101sni\u0146a j\u016bsu viet\u0101 to visu samais\u012bs un uzceps maiz\u012bti. Tai ir atlikt\u0101 laika funkcija, kas jums \u013cauj iestat\u012bt to t\u0101, lai maiz\u012bte b\u016btu gatava uzreiz p\u0113c j\u016bsu mo\u0161an\u0101s vai p\u0101rn\u0101k\u0161anas m\u0101j\u0101s p\u0113c darba. [&hellip;]<\/p>\n","protected":false},"featured_media":22546,"comment_status":"closed","ping_status":"closed","template":"","meta":{"inline_featured_image":false},"product_cat":[536],"product_tag":[],"yst_prominent_words":[],"class_list":{"0":"post-22545","1":"product","2":"type-product","3":"status-publish","4":"has-post-thumbnail","6":"product_cat-elektriskas-krasnis","8":"first","9":"instock","10":"taxable","11":"shipping-taxable","12":"purchasable","13":"product-type-simple"},"jetpack_sharing_enabled":true,"_links":{"self":[{"href":"https:\/\/ddt.lv\/lv\/wp-json\/wp\/v2\/product\/22545"}],"collection":[{"href":"https:\/\/ddt.lv\/lv\/wp-json\/wp\/v2\/product"}],"about":[{"href":"https:\/\/ddt.lv\/lv\/wp-json\/wp\/v2\/types\/product"}],"replies":[{"embeddable":true,"href":"https:\/\/ddt.lv\/lv\/wp-json\/wp\/v2\/comments?post=22545"}],"wp:featuredmedia":[{"embeddable":true,"href":"https:\/\/ddt.lv\/lv\/wp-json\/wp\/v2\/media\/22546"}],"wp:attachment":[{"href":"https:\/\/ddt.lv\/lv\/wp-json\/wp\/v2\/media?parent=22545"}],"wp:term":[{"taxonomy":"product_cat","embeddable":true,"href":"https:\/\/ddt.lv\/lv\/wp-json\/wp\/v2\/product_cat?post=22545"},{"taxonomy":"product_tag","embeddable":true,"href":"https:\/\/ddt.lv\/lv\/wp-json\/wp\/v2\/product_tag?post=22545"},{"taxonomy":"yst_prominent_words","embeddable":true,"href":"https:\/\/ddt.lv\/lv\/wp-json\/wp\/v2\/yst_prominent_words?post=22545"}],"curies":[{"name":"wp","href":"https:\/\/api.w.org\/{rel}","templated":true}]}}