{"id":22442,"date":"2020-04-14T12:07:06","date_gmt":"2020-04-14T09:07:06","guid":{"rendered":"https:\/\/ddt.lv\/lv\/product\/tosteris-luna-23251-56-rh-1210w-1420w-tumsi-peleks\/"},"modified":"2026-04-08T14:37:00","modified_gmt":"2026-04-08T11:37:00","slug":"tosteris-luna-23251-56-rh-1210w-1420w-tumsi-peleks","status":"publish","type":"product","link":"https:\/\/ddt.lv\/lv\/product\/tosteris-luna-23251-56-rh-1210w-1420w-tumsi-peleks\/","title":{"rendered":"Tosteris LUNA 23251-56\/RH 1210W-1420W Russell Hobbs"},"content":{"rendered":"<p>Augst\u0101k\u0101s klases sviestmai\u017eu tosteris no ra\u017eot\u0101ja Russell Hobbs.<\/p>\n<p>Apraksts no ra\u017eot\u0101ja:<\/p>\n<p>M\u0113s esam apvienoju\u0161i cilv\u0113ku aizrau\u0161anos ar m\u0113nesi ar savu aizrau\u0161anos ar pa\u0101trin\u0101tu \u0113dienu sagatavo\u0161anu. Rezult\u0101ts ir \u0161is satrieco\u0161ais Luna tosteris ar garaj\u0101m atver\u0113m, kas aizrauj: m\u0113ness pel\u0113k\u0101 kr\u0101s\u0101. T\u0101 skaist\u0101 nokr\u0101sa atspogu\u013co vienu no domin\u0113jo\u0161aj\u0101m M\u0113ness aptumsuma kr\u0101s\u0101m, ta\u010du ar\u012b t\u0101 izpild\u012bjums neliks Jums vilties. Luna tosteris apvieno unik\u0101lo M\u0113ness aptumsuma pieredzi ar ikdienas brokastu re\u017e\u012bmu. Neatkar\u012bgi no t\u0101, vai j\u016bs alkstat p\u0113c jauka krauk\u0161\u0137\u012bga grauzdi\u0146a vai biezas maizes \u0161\u0137\u0113les, \u0161is tosteris ir risin\u0101jums. Pateicoties regul\u0113jamajam grauzd\u0113\u0161anas l\u012bme\u0146a sl\u0113dzim, Jums nav j\u0101uzrauga J\u016bsu grauzdi\u0146i. J\u016bs patie\u0161\u0101m varat b\u016bt uz m\u0113ness. Pats lab\u0101kais \u0161aj\u0101 ma\u0123iskaj\u0101 m\u0113ness pel\u0113kaj\u0101 toster\u012b nav t\u0101 dizains, bet gan sniegums. Ar iev\u0113rojamo grauzd\u0113\u0161anas \u0101trumu maize br\u016bnin\u0101s l\u012bdz pat 55% \u0101tr\u0101k *, t\u0101p\u0113c j\u016bs vienm\u0113r varat pa\u013cauties uz to, ja v\u0113laties \u0101tri iekost ko siltu.<\/p>\n","protected":false},"excerpt":{"rendered":"<p>Augst\u0101k\u0101s klases sviestmai\u017eu tosteris no ra\u017eot\u0101ja Russell Hobbs. Apraksts no ra\u017eot\u0101ja: M\u0113s esam apvienoju\u0161i cilv\u0113ku aizrau\u0161anos ar m\u0113nesi ar savu aizrau\u0161anos ar pa\u0101trin\u0101tu \u0113dienu sagatavo\u0161anu. Rezult\u0101ts ir \u0161is satrieco\u0161ais Luna tosteris ar garaj\u0101m atver\u0113m, kas aizrauj: m\u0113ness pel\u0113k\u0101 kr\u0101s\u0101. T\u0101 skaist\u0101 nokr\u0101sa atspogu\u013co vienu no domin\u0113jo\u0161aj\u0101m M\u0113ness aptumsuma kr\u0101s\u0101m, ta\u010du ar\u012b t\u0101 izpild\u012bjums neliks Jums [&hellip;]<\/p>\n","protected":false},"featured_media":22460,"comment_status":"closed","ping_status":"closed","template":"","meta":{"inline_featured_image":false},"product_cat":[772,531],"product_tag":[],"yst_prominent_words":[],"class_list":{"0":"post-22442","1":"product","2":"type-product","3":"status-publish","4":"has-post-thumbnail","6":"product_cat-atlaides","7":"product_cat-tosteri","9":"first","10":"instock","11":"sale","12":"taxable","13":"shipping-taxable","14":"purchasable","15":"product-type-simple"},"jetpack_sharing_enabled":true,"_links":{"self":[{"href":"https:\/\/ddt.lv\/lv\/wp-json\/wp\/v2\/product\/22442"}],"collection":[{"href":"https:\/\/ddt.lv\/lv\/wp-json\/wp\/v2\/product"}],"about":[{"href":"https:\/\/ddt.lv\/lv\/wp-json\/wp\/v2\/types\/product"}],"replies":[{"embeddable":true,"href":"https:\/\/ddt.lv\/lv\/wp-json\/wp\/v2\/comments?post=22442"}],"wp:featuredmedia":[{"embeddable":true,"href":"https:\/\/ddt.lv\/lv\/wp-json\/wp\/v2\/media\/22460"}],"wp:attachment":[{"href":"https:\/\/ddt.lv\/lv\/wp-json\/wp\/v2\/media?parent=22442"}],"wp:term":[{"taxonomy":"product_cat","embeddable":true,"href":"https:\/\/ddt.lv\/lv\/wp-json\/wp\/v2\/product_cat?post=22442"},{"taxonomy":"product_tag","embeddable":true,"href":"https:\/\/ddt.lv\/lv\/wp-json\/wp\/v2\/product_tag?post=22442"},{"taxonomy":"yst_prominent_words","embeddable":true,"href":"https:\/\/ddt.lv\/lv\/wp-json\/wp\/v2\/yst_prominent_words?post=22442"}],"curies":[{"name":"wp","href":"https:\/\/api.w.org\/{rel}","templated":true}]}}