{"id":22413,"date":"2020-04-08T13:29:46","date_gmt":"2020-04-08T10:29:46","guid":{"rendered":"https:\/\/ddt.lv\/lv\/product\/puteklu-sucejs-cyclone-2-a-klases-hepa-filtri-700w-230v-1-5l\/"},"modified":"2026-04-13T09:50:54","modified_gmt":"2026-04-13T06:50:54","slug":"puteklu-sucejs-cyclone-2-a-klases-hepa-filtri-700w-230v-1-5l","status":"publish","type":"product","link":"https:\/\/ddt.lv\/lv\/product\/puteklu-sucejs-cyclone-2-a-klases-hepa-filtri-700w-230v-1-5l\/","title":{"rendered":"Putek\u013cu s\u016bc\u0113js CYCLONE 2 A klases HEPA filtri 700W 230V 1.5l"},"content":{"rendered":"<p>Cyclone putek\u013cu s\u016bc\u0113js bez maisi\u0146iem no ra\u017eot\u0101ja Platinet, apr\u012bkots ar HEPA filtriem. Ciklona putek\u013cs\u016bc\u0113ji darbojas ar pilnu jaudu, tiem somas viet\u0101 ir \u012bpa\u0161a kamera. Ies\u016bktais gaiss taj\u0101 tiek ievests virpu\u013cpl\u016bsmas kust\u012bb\u0101. Piemais\u012bjumus, kas uzkr\u0101jas trauk\u0101, atdala milz\u012bgs centrb\u0113dzes sp\u0113ks. 700W motors nodro\u0161ina lielu s\u016bk\u0161anas jaudu, \u200bkurai pateicoties putek\u013cs\u016bc\u0113js veiksm\u012bgi tiks gal\u0101 ar uzdevumu gan ciet\u0101s, gan m\u012bkst\u0101s viet\u0101s.<\/p>\n","protected":false},"excerpt":{"rendered":"<p>Cyclone putek\u013cu s\u016bc\u0113js bez maisi\u0146iem no ra\u017eot\u0101ja Platinet, apr\u012bkots ar HEPA filtriem. Ciklona putek\u013cs\u016bc\u0113ji darbojas ar pilnu jaudu, tiem somas viet\u0101 ir \u012bpa\u0161a kamera. Ies\u016bktais gaiss taj\u0101 tiek ievests virpu\u013cpl\u016bsmas kust\u012bb\u0101. Piemais\u012bjumus, kas uzkr\u0101jas trauk\u0101, atdala milz\u012bgs centrb\u0113dzes sp\u0113ks. 700W motors nodro\u0161ina lielu s\u016bk\u0161anas jaudu, \u200bkurai pateicoties putek\u013cs\u016bc\u0113js veiksm\u012bgi tiks gal\u0101 ar uzdevumu gan ciet\u0101s, [&hellip;]<\/p>\n","protected":false},"featured_media":22418,"comment_status":"closed","ping_status":"closed","template":"","meta":{"inline_featured_image":false},"product_cat":[923],"product_tag":[],"yst_prominent_words":[],"class_list":{"0":"post-22413","1":"product","2":"type-product","3":"status-publish","4":"has-post-thumbnail","6":"product_cat-puteklu-suceji","8":"first","9":"outofstock","10":"taxable","11":"shipping-taxable","12":"purchasable","13":"product-type-simple"},"jetpack_sharing_enabled":true,"_links":{"self":[{"href":"https:\/\/ddt.lv\/lv\/wp-json\/wp\/v2\/product\/22413"}],"collection":[{"href":"https:\/\/ddt.lv\/lv\/wp-json\/wp\/v2\/product"}],"about":[{"href":"https:\/\/ddt.lv\/lv\/wp-json\/wp\/v2\/types\/product"}],"replies":[{"embeddable":true,"href":"https:\/\/ddt.lv\/lv\/wp-json\/wp\/v2\/comments?post=22413"}],"wp:featuredmedia":[{"embeddable":true,"href":"https:\/\/ddt.lv\/lv\/wp-json\/wp\/v2\/media\/22418"}],"wp:attachment":[{"href":"https:\/\/ddt.lv\/lv\/wp-json\/wp\/v2\/media?parent=22413"}],"wp:term":[{"taxonomy":"product_cat","embeddable":true,"href":"https:\/\/ddt.lv\/lv\/wp-json\/wp\/v2\/product_cat?post=22413"},{"taxonomy":"product_tag","embeddable":true,"href":"https:\/\/ddt.lv\/lv\/wp-json\/wp\/v2\/product_tag?post=22413"},{"taxonomy":"yst_prominent_words","embeddable":true,"href":"https:\/\/ddt.lv\/lv\/wp-json\/wp\/v2\/yst_prominent_words?post=22413"}],"curies":[{"name":"wp","href":"https:\/\/api.w.org\/{rel}","templated":true}]}}