{"id":22386,"date":"2020-04-07T12:21:06","date_gmt":"2020-04-07T09:21:06","guid":{"rendered":"https:\/\/ddt.lv\/lv\/product\/elektriska-tejkanna-design-1-4l-melna-unold\/"},"modified":"2026-04-01T00:17:17","modified_gmt":"2026-03-31T21:17:17","slug":"elektriska-tejkanna-design-1-4l-melna-unold","status":"publish","type":"product","link":"https:\/\/ddt.lv\/lv\/product\/elektriska-tejkanna-design-1-4l-melna-unold\/","title":{"rendered":"Elektrisk\u0101 t\u0113jkanna Unold Design 1.4l, melna"},"content":{"rendered":"<p>T\u0113jkanna Design ir paredz\u0113ta m\u016bsdien\u012bgai virtuves gaisotnei. Elektriskaj\u0101 t\u0113jkann\u0101 var nov\u0101r\u012bt l\u012bdz 1,4 litriem \u016bdens ar 2200 vatu jaudu. T\u0113jkann\u0101 ieb\u016bv\u0113tais \u016bdens l\u012bme\u0146a indikators par\u0101da uzpildes daudzumu &#8211; t\u0113jas, ar rok\u0101m filtr\u0113tas kafijas vai \u0101tras t\u016bl\u012bt\u0113jas zupas pagatavo\u0161anai. Pat ar verdo\u0161u karstu \u016bdeni iek\u0161pus\u0113 \u0101rpuse paliek pat\u012bkami silta, pateicoties dubultajai sienai ar siltumizol\u0101ciju. Lai ietaup\u012btu vietu, KETTLE Design str\u0101vas vadu var viegli sat\u012bt pamatn\u0113. No\u0146emamo bezvada t\u0113jkannu ir viegli t\u012br\u012bt, pateicoties lielajai atverei, ka\u013c\u0137a filtram tekn\u0113 un p\u0101rkl\u0101tajam sildelementam.<\/p>\n","protected":false},"excerpt":{"rendered":"<p>T\u0113jkanna Design ir paredz\u0113ta m\u016bsdien\u012bgai virtuves gaisotnei. Elektriskaj\u0101 t\u0113jkann\u0101 var nov\u0101r\u012bt l\u012bdz 1,4 litriem \u016bdens ar 2200 vatu jaudu. T\u0113jkann\u0101 ieb\u016bv\u0113tais \u016bdens l\u012bme\u0146a indikators par\u0101da uzpildes daudzumu &#8211; t\u0113jas, ar rok\u0101m filtr\u0113tas kafijas vai \u0101tras t\u016bl\u012bt\u0113jas zupas pagatavo\u0161anai. Pat ar verdo\u0161u karstu \u016bdeni iek\u0161pus\u0113 \u0101rpuse paliek pat\u012bkami silta, pateicoties dubultajai sienai ar siltumizol\u0101ciju. Lai ietaup\u012btu [&hellip;]<\/p>\n","protected":false},"featured_media":22400,"comment_status":"closed","ping_status":"closed","template":"","meta":{"inline_featured_image":false},"product_cat":[523],"product_tag":[],"yst_prominent_words":[],"class_list":{"0":"post-22386","1":"product","2":"type-product","3":"status-publish","4":"has-post-thumbnail","6":"product_cat-tejkannas-kafijas-automati","8":"first","9":"outofstock","10":"taxable","11":"shipping-taxable","12":"purchasable","13":"product-type-simple"},"jetpack_sharing_enabled":true,"_links":{"self":[{"href":"https:\/\/ddt.lv\/lv\/wp-json\/wp\/v2\/product\/22386"}],"collection":[{"href":"https:\/\/ddt.lv\/lv\/wp-json\/wp\/v2\/product"}],"about":[{"href":"https:\/\/ddt.lv\/lv\/wp-json\/wp\/v2\/types\/product"}],"replies":[{"embeddable":true,"href":"https:\/\/ddt.lv\/lv\/wp-json\/wp\/v2\/comments?post=22386"}],"wp:featuredmedia":[{"embeddable":true,"href":"https:\/\/ddt.lv\/lv\/wp-json\/wp\/v2\/media\/22400"}],"wp:attachment":[{"href":"https:\/\/ddt.lv\/lv\/wp-json\/wp\/v2\/media?parent=22386"}],"wp:term":[{"taxonomy":"product_cat","embeddable":true,"href":"https:\/\/ddt.lv\/lv\/wp-json\/wp\/v2\/product_cat?post=22386"},{"taxonomy":"product_tag","embeddable":true,"href":"https:\/\/ddt.lv\/lv\/wp-json\/wp\/v2\/product_tag?post=22386"},{"taxonomy":"yst_prominent_words","embeddable":true,"href":"https:\/\/ddt.lv\/lv\/wp-json\/wp\/v2\/yst_prominent_words?post=22386"}],"curies":[{"name":"wp","href":"https:\/\/api.w.org\/{rel}","templated":true}]}}