{"id":22232,"date":"2020-03-12T14:52:19","date_gmt":"2020-03-12T12:52:19","guid":{"rendered":"https:\/\/ddt.lv\/lv\/product\/li-ion18650-ladejama-ierice-novacell\/"},"modified":"2026-04-08T14:36:10","modified_gmt":"2026-04-08T11:36:10","slug":"li-ion18650-ladejama-ierice-novacell","status":"publish","type":"product","link":"https:\/\/ddt.lv\/lv\/product\/li-ion18650-ladejama-ierice-novacell\/","title":{"rendered":"Li-ion18650 l\u0101d\u0113jam\u0101 ier\u012bce NOVACELL"},"content":{"rendered":"<p>Li-ion18650 akumulatoru l\u0101d\u0113t\u0101js no ra\u017eot\u0101ja Novacell.<\/p>\n","protected":false},"excerpt":{"rendered":"<p>Li-ion18650 akumulatoru l\u0101d\u0113t\u0101js no ra\u017eot\u0101ja Novacell.<\/p>\n","protected":false},"featured_media":22246,"comment_status":"closed","ping_status":"closed","template":"","meta":{"inline_featured_image":false},"product_cat":[453],"product_tag":[],"yst_prominent_words":[],"class_list":{"0":"post-22232","1":"product","2":"type-product","3":"status-publish","4":"has-post-thumbnail","6":"product_cat-ladesanas-ierices","8":"first","9":"instock","10":"taxable","11":"shipping-taxable","12":"purchasable","13":"product-type-simple"},"jetpack_sharing_enabled":true,"_links":{"self":[{"href":"https:\/\/ddt.lv\/lv\/wp-json\/wp\/v2\/product\/22232"}],"collection":[{"href":"https:\/\/ddt.lv\/lv\/wp-json\/wp\/v2\/product"}],"about":[{"href":"https:\/\/ddt.lv\/lv\/wp-json\/wp\/v2\/types\/product"}],"replies":[{"embeddable":true,"href":"https:\/\/ddt.lv\/lv\/wp-json\/wp\/v2\/comments?post=22232"}],"wp:featuredmedia":[{"embeddable":true,"href":"https:\/\/ddt.lv\/lv\/wp-json\/wp\/v2\/media\/22246"}],"wp:attachment":[{"href":"https:\/\/ddt.lv\/lv\/wp-json\/wp\/v2\/media?parent=22232"}],"wp:term":[{"taxonomy":"product_cat","embeddable":true,"href":"https:\/\/ddt.lv\/lv\/wp-json\/wp\/v2\/product_cat?post=22232"},{"taxonomy":"product_tag","embeddable":true,"href":"https:\/\/ddt.lv\/lv\/wp-json\/wp\/v2\/product_tag?post=22232"},{"taxonomy":"yst_prominent_words","embeddable":true,"href":"https:\/\/ddt.lv\/lv\/wp-json\/wp\/v2\/yst_prominent_words?post=22232"}],"curies":[{"name":"wp","href":"https:\/\/api.w.org\/{rel}","templated":true}]}}