{"id":22215,"date":"2020-03-12T10:35:06","date_gmt":"2020-03-12T08:35:06","guid":{"rendered":"https:\/\/ddt.lv\/lv\/product\/57681-ladejama-ierice-lcd-multi-bl1-varta\/"},"modified":"2026-04-09T16:16:10","modified_gmt":"2026-04-09T13:16:10","slug":"57681-ladejama-ierice-lcd-multi-bl1-varta","status":"publish","type":"product","link":"https:\/\/ddt.lv\/lv\/product\/57681-ladejama-ierice-lcd-multi-bl1-varta\/","title":{"rendered":"57681 L\u0101d\u0113jam\u0101 ier\u012bce LCD MULTI 8 vietas AA, AAA + BL1 VARTA"},"content":{"rendered":"<p>Uzl\u0101des risin\u0101jums 8x akumulatoriem vien\u0101 pieg\u0101jien\u0101! Ar 8 atsevi\u0161\u0137aj\u0101m AA un AAA NiMH l\u0101d\u0113jamo akumulatoru l\u0101d\u0113\u0161anas viet\u0101m, Multi Multi Charger + ir ide\u0101li piem\u0113rots, lai uzl\u0101d\u0113tu daudzu akumulatoru \u0161\u016bnu.<\/p>\n","protected":false},"excerpt":{"rendered":"<p>Uzl\u0101des risin\u0101jums 8x akumulatoriem vien\u0101 pieg\u0101jien\u0101! Ar 8 atsevi\u0161\u0137aj\u0101m AA un AAA NiMH l\u0101d\u0113jamo akumulatoru l\u0101d\u0113\u0161anas viet\u0101m, Multi Multi Charger + ir ide\u0101li piem\u0113rots, lai uzl\u0101d\u0113tu daudzu akumulatoru \u0161\u016bnu.<\/p>\n","protected":false},"featured_media":22225,"comment_status":"closed","ping_status":"closed","template":"","meta":{"inline_featured_image":false},"product_cat":[453],"product_tag":[],"yst_prominent_words":[],"class_list":{"0":"post-22215","1":"product","2":"type-product","3":"status-publish","4":"has-post-thumbnail","6":"product_cat-ladesanas-ierices","8":"first","9":"instock","10":"taxable","11":"shipping-taxable","12":"purchasable","13":"product-type-simple"},"jetpack_sharing_enabled":true,"_links":{"self":[{"href":"https:\/\/ddt.lv\/lv\/wp-json\/wp\/v2\/product\/22215"}],"collection":[{"href":"https:\/\/ddt.lv\/lv\/wp-json\/wp\/v2\/product"}],"about":[{"href":"https:\/\/ddt.lv\/lv\/wp-json\/wp\/v2\/types\/product"}],"replies":[{"embeddable":true,"href":"https:\/\/ddt.lv\/lv\/wp-json\/wp\/v2\/comments?post=22215"}],"wp:featuredmedia":[{"embeddable":true,"href":"https:\/\/ddt.lv\/lv\/wp-json\/wp\/v2\/media\/22225"}],"wp:attachment":[{"href":"https:\/\/ddt.lv\/lv\/wp-json\/wp\/v2\/media?parent=22215"}],"wp:term":[{"taxonomy":"product_cat","embeddable":true,"href":"https:\/\/ddt.lv\/lv\/wp-json\/wp\/v2\/product_cat?post=22215"},{"taxonomy":"product_tag","embeddable":true,"href":"https:\/\/ddt.lv\/lv\/wp-json\/wp\/v2\/product_tag?post=22215"},{"taxonomy":"yst_prominent_words","embeddable":true,"href":"https:\/\/ddt.lv\/lv\/wp-json\/wp\/v2\/yst_prominent_words?post=22215"}],"curies":[{"name":"wp","href":"https:\/\/api.w.org\/{rel}","templated":true}]}}