{"id":22171,"date":"2020-03-10T12:18:08","date_gmt":"2020-03-10T10:18:08","guid":{"rendered":"https:\/\/ddt.lv\/lv\/product\/arejais-akumulators-10000mah-qi-bezvadu-2xusbusb-cmicrousb\/"},"modified":"2026-04-08T14:26:40","modified_gmt":"2026-04-08T11:26:40","slug":"arejais-akumulators-10000mah-qi-bezvadu-2xusbusb-cmicrousb","status":"publish","type":"product","link":"https:\/\/ddt.lv\/lv\/product\/arejais-akumulators-10000mah-qi-bezvadu-2xusbusb-cmicrousb\/","title":{"rendered":"Powerbank \u0101r\u0113jais akumulators ar bezvadu uzl\u0101di Qi Platinet 10000mAh 2x USB,USB-C, Micro USB, 2.1A \u0101tr\u0101 uzl\u0101de"},"content":{"rendered":"<p>Powerbank \u0101r\u0113jais akumulators ar ieb\u016bv\u0113tu bezvadu l\u0101d\u0113t\u0101ju viedier\u012bc\u0113m no ra\u017eot\u0101ja Platinet! Apvelt\u012bts ar QC \u0101tro uzl\u0101di.<\/p>\n","protected":false},"excerpt":{"rendered":"<p>Powerbank \u0101r\u0113jais akumulators ar ieb\u016bv\u0113tu bezvadu l\u0101d\u0113t\u0101ju viedier\u012bc\u0113m no ra\u017eot\u0101ja Platinet! Apvelt\u012bts ar QC \u0101tro uzl\u0101di.<\/p>\n","protected":false},"featured_media":22184,"comment_status":"closed","ping_status":"closed","template":"","meta":{"inline_featured_image":false},"product_cat":[772,460],"product_tag":[],"yst_prominent_words":[],"class_list":{"0":"post-22171","1":"product","2":"type-product","3":"status-publish","4":"has-post-thumbnail","6":"product_cat-atlaides","7":"product_cat-uzlades-stacijas","9":"first","10":"instock","11":"sale","12":"taxable","13":"shipping-taxable","14":"purchasable","15":"product-type-simple"},"jetpack_sharing_enabled":true,"_links":{"self":[{"href":"https:\/\/ddt.lv\/lv\/wp-json\/wp\/v2\/product\/22171"}],"collection":[{"href":"https:\/\/ddt.lv\/lv\/wp-json\/wp\/v2\/product"}],"about":[{"href":"https:\/\/ddt.lv\/lv\/wp-json\/wp\/v2\/types\/product"}],"replies":[{"embeddable":true,"href":"https:\/\/ddt.lv\/lv\/wp-json\/wp\/v2\/comments?post=22171"}],"wp:featuredmedia":[{"embeddable":true,"href":"https:\/\/ddt.lv\/lv\/wp-json\/wp\/v2\/media\/22184"}],"wp:attachment":[{"href":"https:\/\/ddt.lv\/lv\/wp-json\/wp\/v2\/media?parent=22171"}],"wp:term":[{"taxonomy":"product_cat","embeddable":true,"href":"https:\/\/ddt.lv\/lv\/wp-json\/wp\/v2\/product_cat?post=22171"},{"taxonomy":"product_tag","embeddable":true,"href":"https:\/\/ddt.lv\/lv\/wp-json\/wp\/v2\/product_tag?post=22171"},{"taxonomy":"yst_prominent_words","embeddable":true,"href":"https:\/\/ddt.lv\/lv\/wp-json\/wp\/v2\/yst_prominent_words?post=22171"}],"curies":[{"name":"wp","href":"https:\/\/api.w.org\/{rel}","templated":true}]}}