{"id":22082,"date":"2020-03-09T12:14:54","date_gmt":"2020-03-09T10:14:54","guid":{"rendered":"https:\/\/ddt.lv\/lv\/product\/meteostacija-digitala-bezvadu-profi-3xaaa5v-dc-emos\/"},"modified":"2026-04-01T00:17:16","modified_gmt":"2026-03-31T21:17:16","slug":"meteostacija-digitala-bezvadu-profi-3xaaa5v-dc-emos","status":"publish","type":"product","link":"https:\/\/ddt.lv\/lv\/product\/meteostacija-digitala-bezvadu-profi-3xaaa5v-dc-emos\/","title":{"rendered":"Meteostacija digit\u0101la bezvadu Profi (3xAAA+5V DC) EMOS"},"content":{"rendered":"<p>Pateicoties \u0161ai meteostacijai, J\u016bs vienm\u0113r dro\u0161i zin\u0101siet, k\u0101diem laikapst\u0101k\u013ciem j\u0101b\u016bt gatavam\/ai. Nek\u0101du \u0161aubu, aktu\u0101l\u0101 inform\u0101cija vienm\u0113r ir pieejama.<\/p>\n","protected":false},"excerpt":{"rendered":"<p>Pateicoties \u0161ai meteostacijai, J\u016bs vienm\u0113r dro\u0161i zin\u0101siet, k\u0101diem laikapst\u0101k\u013ciem j\u0101b\u016bt gatavam\/ai. Nek\u0101du \u0161aubu, aktu\u0101l\u0101 inform\u0101cija vienm\u0113r ir pieejama.<\/p>\n","protected":false},"featured_media":22132,"comment_status":"closed","ping_status":"closed","template":"","meta":{"inline_featured_image":false},"product_cat":[772,541],"product_tag":[],"yst_prominent_words":[],"class_list":{"0":"post-22082","1":"product","2":"type-product","3":"status-publish","4":"has-post-thumbnail","6":"product_cat-atlaides","7":"product_cat-termometri-meteostacijas","9":"first","10":"outofstock","11":"sale","12":"taxable","13":"shipping-taxable","14":"purchasable","15":"product-type-simple"},"jetpack_sharing_enabled":true,"_links":{"self":[{"href":"https:\/\/ddt.lv\/lv\/wp-json\/wp\/v2\/product\/22082"}],"collection":[{"href":"https:\/\/ddt.lv\/lv\/wp-json\/wp\/v2\/product"}],"about":[{"href":"https:\/\/ddt.lv\/lv\/wp-json\/wp\/v2\/types\/product"}],"replies":[{"embeddable":true,"href":"https:\/\/ddt.lv\/lv\/wp-json\/wp\/v2\/comments?post=22082"}],"wp:featuredmedia":[{"embeddable":true,"href":"https:\/\/ddt.lv\/lv\/wp-json\/wp\/v2\/media\/22132"}],"wp:attachment":[{"href":"https:\/\/ddt.lv\/lv\/wp-json\/wp\/v2\/media?parent=22082"}],"wp:term":[{"taxonomy":"product_cat","embeddable":true,"href":"https:\/\/ddt.lv\/lv\/wp-json\/wp\/v2\/product_cat?post=22082"},{"taxonomy":"product_tag","embeddable":true,"href":"https:\/\/ddt.lv\/lv\/wp-json\/wp\/v2\/product_tag?post=22082"},{"taxonomy":"yst_prominent_words","embeddable":true,"href":"https:\/\/ddt.lv\/lv\/wp-json\/wp\/v2\/yst_prominent_words?post=22082"}],"curies":[{"name":"wp","href":"https:\/\/api.w.org\/{rel}","templated":true}]}}