{"id":22069,"date":"2020-03-09T11:57:35","date_gmt":"2020-03-09T09:57:35","guid":{"rendered":"https:\/\/ddt.lv\/lv\/product\/powerbank-10-000-mah-37-wh-micro-usb-usb-c-melns-alphaq-emos\/"},"modified":"2026-04-13T09:57:05","modified_gmt":"2026-04-13T06:57:05","slug":"powerbank-10-000-mah-37-wh-micro-usb-usb-c-melns-alphaq-emos","status":"publish","type":"product","link":"https:\/\/ddt.lv\/lv\/product\/powerbank-10-000-mah-37-wh-micro-usb-usb-c-melns-alphaq-emos\/","title":{"rendered":"Powerbank \u0101r\u0113jais akumulators AlphaQ EMOS 10000 mAh Wh Micro USB, USB-C melns"},"content":{"rendered":"<p>Powerbank uzl\u0101des stacija no ra\u017eot\u0101ja Emos. Pl\u0101ns dizains un lieliska veiktsp\u0113ja!<\/p>\n","protected":false},"excerpt":{"rendered":"<p>Powerbank uzl\u0101des stacija no ra\u017eot\u0101ja Emos. Pl\u0101ns dizains un lieliska veiktsp\u0113ja!<\/p>\n","protected":false},"featured_media":22089,"comment_status":"closed","ping_status":"closed","template":"","meta":{"inline_featured_image":false},"product_cat":[460],"product_tag":[],"yst_prominent_words":[],"class_list":{"0":"post-22069","1":"product","2":"type-product","3":"status-publish","4":"has-post-thumbnail","6":"product_cat-uzlades-stacijas","8":"first","9":"instock","10":"taxable","11":"shipping-taxable","12":"purchasable","13":"product-type-simple"},"jetpack_sharing_enabled":true,"_links":{"self":[{"href":"https:\/\/ddt.lv\/lv\/wp-json\/wp\/v2\/product\/22069"}],"collection":[{"href":"https:\/\/ddt.lv\/lv\/wp-json\/wp\/v2\/product"}],"about":[{"href":"https:\/\/ddt.lv\/lv\/wp-json\/wp\/v2\/types\/product"}],"replies":[{"embeddable":true,"href":"https:\/\/ddt.lv\/lv\/wp-json\/wp\/v2\/comments?post=22069"}],"wp:featuredmedia":[{"embeddable":true,"href":"https:\/\/ddt.lv\/lv\/wp-json\/wp\/v2\/media\/22089"}],"wp:attachment":[{"href":"https:\/\/ddt.lv\/lv\/wp-json\/wp\/v2\/media?parent=22069"}],"wp:term":[{"taxonomy":"product_cat","embeddable":true,"href":"https:\/\/ddt.lv\/lv\/wp-json\/wp\/v2\/product_cat?post=22069"},{"taxonomy":"product_tag","embeddable":true,"href":"https:\/\/ddt.lv\/lv\/wp-json\/wp\/v2\/product_tag?post=22069"},{"taxonomy":"yst_prominent_words","embeddable":true,"href":"https:\/\/ddt.lv\/lv\/wp-json\/wp\/v2\/yst_prominent_words?post=22069"}],"curies":[{"name":"wp","href":"https:\/\/api.w.org\/{rel}","templated":true}]}}