{"id":21987,"date":"2020-03-06T13:41:15","date_gmt":"2020-03-06T11:41:15","guid":{"rendered":"https:\/\/ddt.lv\/lv\/product\/led-prozektors-20w-ip44-1600lm-4k-ar-sensoru-melns-ilio-emos\/"},"modified":"2026-04-06T10:57:06","modified_gmt":"2026-04-06T07:57:06","slug":"led-prozektors-20w-ip44-1600lm-4k-ar-sensoru-melns-ilio-emos","status":"publish","type":"product","link":"https:\/\/ddt.lv\/lv\/product\/led-prozektors-20w-ip44-1600lm-4k-ar-sensoru-melns-ilio-emos\/","title":{"rendered":"LED pro\u017eektors ar sensoru EMOS Ilio 20W 1600lm 4000K IP44"},"content":{"rendered":"<p>Led pro\u017eektors ar ieb\u016bv\u0113tu sensoru no ra\u017eot\u0101ja Emos.<\/p>\n","protected":false},"excerpt":{"rendered":"<p>Led pro\u017eektors ar ieb\u016bv\u0113tu sensoru no ra\u017eot\u0101ja Emos.<\/p>\n","protected":false},"featured_media":22035,"comment_status":"closed","ping_status":"closed","template":"","meta":{"inline_featured_image":false},"product_cat":[772,908],"product_tag":[],"yst_prominent_words":[],"class_list":{"0":"post-21987","1":"product","2":"type-product","3":"status-publish","4":"has-post-thumbnail","6":"product_cat-atlaides","7":"product_cat-led-prozektori","9":"first","10":"instock","11":"sale","12":"taxable","13":"shipping-taxable","14":"purchasable","15":"product-type-simple"},"jetpack_sharing_enabled":true,"_links":{"self":[{"href":"https:\/\/ddt.lv\/lv\/wp-json\/wp\/v2\/product\/21987"}],"collection":[{"href":"https:\/\/ddt.lv\/lv\/wp-json\/wp\/v2\/product"}],"about":[{"href":"https:\/\/ddt.lv\/lv\/wp-json\/wp\/v2\/types\/product"}],"replies":[{"embeddable":true,"href":"https:\/\/ddt.lv\/lv\/wp-json\/wp\/v2\/comments?post=21987"}],"wp:featuredmedia":[{"embeddable":true,"href":"https:\/\/ddt.lv\/lv\/wp-json\/wp\/v2\/media\/22035"}],"wp:attachment":[{"href":"https:\/\/ddt.lv\/lv\/wp-json\/wp\/v2\/media?parent=21987"}],"wp:term":[{"taxonomy":"product_cat","embeddable":true,"href":"https:\/\/ddt.lv\/lv\/wp-json\/wp\/v2\/product_cat?post=21987"},{"taxonomy":"product_tag","embeddable":true,"href":"https:\/\/ddt.lv\/lv\/wp-json\/wp\/v2\/product_tag?post=21987"},{"taxonomy":"yst_prominent_words","embeddable":true,"href":"https:\/\/ddt.lv\/lv\/wp-json\/wp\/v2\/yst_prominent_words?post=21987"}],"curies":[{"name":"wp","href":"https:\/\/api.w.org\/{rel}","templated":true}]}}