{"id":21986,"date":"2020-03-06T13:41:15","date_gmt":"2020-03-06T11:41:15","guid":{"rendered":"https:\/\/ddt.lv\/lv\/product\/led-prozektors-10w-ip44-800lm-4k-ar-sensoru-melns-ilio-emos\/"},"modified":"2026-04-09T16:15:24","modified_gmt":"2026-04-09T13:15:24","slug":"led-prozektors-10w-ip44-800lm-4k-ar-sensoru-melns-ilio-emos","status":"publish","type":"product","link":"https:\/\/ddt.lv\/lv\/product\/led-prozektors-10w-ip44-800lm-4k-ar-sensoru-melns-ilio-emos\/","title":{"rendered":"LED pro\u017eektors ar sensoru EMOS Ilio 10W 800lm 4000K IP44"},"content":{"rendered":"<p>Led pro\u017eektors ar ieb\u016bv\u0113tu sensoru no ra\u017eot\u0101ja Emos.<\/p>\n","protected":false},"excerpt":{"rendered":"<p>Led pro\u017eektors ar ieb\u016bv\u0113tu sensoru no ra\u017eot\u0101ja Emos.<\/p>\n","protected":false},"featured_media":22041,"comment_status":"closed","ping_status":"closed","template":"","meta":{"inline_featured_image":false},"product_cat":[1587,908],"product_tag":[],"yst_prominent_words":[],"class_list":{"0":"post-21986","1":"product","2":"type-product","3":"status-publish","4":"has-post-thumbnail","6":"product_cat-apgaismojums-virtenes","7":"product_cat-led-prozektori","9":"first","10":"instock","11":"taxable","12":"shipping-taxable","13":"purchasable","14":"product-type-simple"},"jetpack_sharing_enabled":true,"_links":{"self":[{"href":"https:\/\/ddt.lv\/lv\/wp-json\/wp\/v2\/product\/21986"}],"collection":[{"href":"https:\/\/ddt.lv\/lv\/wp-json\/wp\/v2\/product"}],"about":[{"href":"https:\/\/ddt.lv\/lv\/wp-json\/wp\/v2\/types\/product"}],"replies":[{"embeddable":true,"href":"https:\/\/ddt.lv\/lv\/wp-json\/wp\/v2\/comments?post=21986"}],"wp:featuredmedia":[{"embeddable":true,"href":"https:\/\/ddt.lv\/lv\/wp-json\/wp\/v2\/media\/22041"}],"wp:attachment":[{"href":"https:\/\/ddt.lv\/lv\/wp-json\/wp\/v2\/media?parent=21986"}],"wp:term":[{"taxonomy":"product_cat","embeddable":true,"href":"https:\/\/ddt.lv\/lv\/wp-json\/wp\/v2\/product_cat?post=21986"},{"taxonomy":"product_tag","embeddable":true,"href":"https:\/\/ddt.lv\/lv\/wp-json\/wp\/v2\/product_tag?post=21986"},{"taxonomy":"yst_prominent_words","embeddable":true,"href":"https:\/\/ddt.lv\/lv\/wp-json\/wp\/v2\/yst_prominent_words?post=21986"}],"curies":[{"name":"wp","href":"https:\/\/api.w.org\/{rel}","templated":true}]}}