{"id":21950,"date":"2020-03-03T11:39:14","date_gmt":"2020-03-03T09:39:14","guid":{"rendered":"https:\/\/ddt.lv\/lv\/product\/sadalitajs-2-viet-a-z-horiz-entac\/"},"modified":"2026-04-16T12:40:37","modified_gmt":"2026-04-16T09:40:37","slug":"sadalitajs-2-viet-a-z-horiz-entac","status":"publish","type":"product","link":"https:\/\/ddt.lv\/lv\/product\/sadalitajs-2-viet-a-z-horiz-entac\/","title":{"rendered":"Sadal\u012bt\u0101js 2-viet\u012bgs a\/z horizont\u0101ls ENTAC"},"content":{"rendered":"<p>Sadal\u012bt\u0101js 2-viet\u012bgs a\/z horizont\u0101ls no ra\u017eot\u0101ja ENTAC.<\/p>\n<p>Entac str\u0101vas adapteri pal\u012bdz papla\u0161in\u0101t darbo\u0161an\u0101s iesp\u0113jas pat iek\u0161telp\u0101s ar da\u017e\u0101diem str\u0101vas avotiem. M\u0113s pied\u0101v\u0101jam risin\u0101jumu zem\u0113juma un eirokontaktdak\u0161u izmanto\u0161anai. No adapteriem ar iezem\u0113tu kontaktligzdu ir versijas ar 2 vai 3 rozet\u0113m. M\u016bsu eiro adapteri ir pieejami ar 2 rozet\u0113m, k\u0101 ar\u012b jaukt\u0101 versij\u0101 ar 2 eiro un 2 iezem\u0113t\u0101m rozet\u0113m. M\u0113s varam izv\u0113l\u0113ties ar\u012b adapterus, kas apr\u012bkoti ar sl\u0113dzi, pieejami ar 1 vai 2 iezem\u0113t\u0101m rozet\u0113m vai jaukt\u0101 variant\u0101 ar 1 iezem\u0113tu un 2 eiro ligzd\u0101m. Papildus tam m\u0113s p\u0101rdodam ar\u012b klasisko T-veida sloksni ar 3 iezem\u0113t\u0101m rozet\u0113m.<\/p>","protected":false},"excerpt":{"rendered":"<p>Sadal\u012bt\u0101js 2-viet\u012bgs a\/z horizont\u0101ls no ra\u017eot\u0101ja ENTAC. Entac str\u0101vas adapteri pal\u012bdz papla\u0161in\u0101t darbo\u0161an\u0101s iesp\u0113jas pat iek\u0161telp\u0101s ar da\u017e\u0101diem str\u0101vas avotiem. M\u0113s pied\u0101v\u0101jam risin\u0101jumu zem\u0113juma un eirokontaktdak\u0161u izmanto\u0161anai. No adapteriem ar iezem\u0113tu kontaktligzdu ir versijas ar 2 vai 3 rozet\u0113m. M\u016bsu eiro adapteri ir pieejami ar 2 rozet\u0113m, k\u0101 ar\u012b jaukt\u0101 versij\u0101 ar 2 eiro un [&hellip;]<\/p>\n","protected":false},"featured_media":39092,"comment_status":"closed","ping_status":"closed","template":"","meta":{"inline_featured_image":false},"product_cat":[747],"product_tag":[],"yst_prominent_words":[],"class_list":{"0":"post-21950","1":"product","2":"type-product","3":"status-publish","4":"has-post-thumbnail","6":"product_cat-sadalitaji-adapteri","8":"first","9":"instock","10":"taxable","11":"shipping-taxable","12":"purchasable","13":"product-type-simple"},"jetpack_sharing_enabled":true,"_links":{"self":[{"href":"https:\/\/ddt.lv\/lv\/wp-json\/wp\/v2\/product\/21950"}],"collection":[{"href":"https:\/\/ddt.lv\/lv\/wp-json\/wp\/v2\/product"}],"about":[{"href":"https:\/\/ddt.lv\/lv\/wp-json\/wp\/v2\/types\/product"}],"replies":[{"embeddable":true,"href":"https:\/\/ddt.lv\/lv\/wp-json\/wp\/v2\/comments?post=21950"}],"wp:featuredmedia":[{"embeddable":true,"href":"https:\/\/ddt.lv\/lv\/wp-json\/wp\/v2\/media\/39092"}],"wp:attachment":[{"href":"https:\/\/ddt.lv\/lv\/wp-json\/wp\/v2\/media?parent=21950"}],"wp:term":[{"taxonomy":"product_cat","embeddable":true,"href":"https:\/\/ddt.lv\/lv\/wp-json\/wp\/v2\/product_cat?post=21950"},{"taxonomy":"product_tag","embeddable":true,"href":"https:\/\/ddt.lv\/lv\/wp-json\/wp\/v2\/product_tag?post=21950"},{"taxonomy":"yst_prominent_words","embeddable":true,"href":"https:\/\/ddt.lv\/lv\/wp-json\/wp\/v2\/yst_prominent_words?post=21950"}],"curies":[{"name":"wp","href":"https:\/\/api.w.org\/{rel}","templated":true}]}}