{"id":21939,"date":"2020-02-28T13:28:45","date_gmt":"2020-02-28T11:28:45","guid":{"rendered":"https:\/\/ddt.lv\/lv\/product\/gaze-butans-190g-camping-gaz\/"},"modified":"2026-04-08T14:32:40","modified_gmt":"2026-04-08T11:32:40","slug":"gaze-butans-190g-camping-gaz","status":"publish","type":"product","link":"https:\/\/ddt.lv\/lv\/product\/gaze-butans-190g-camping-gaz\/","title":{"rendered":"G\u0101ze but\u0101ns 190g CAMPING GAZ pl\u012bti\u0146ai 35544"},"content":{"rendered":"<p>G\u0101zes balons, tilpums 190g.<\/p>\n<p>Univers\u0101ls k\u0101rtrid\u017es kr\u0101sn\u012bm, deg\u013ciem, lamp\u0101m. K\u0101rtrid\u017e\u0101 ir 90% but\u0101na, 10% prop\u0101na. Pild\u012bts saska\u0146\u0101 ar Eiropas standartu EN 417.<\/p>\n<p>Uzman\u012bbu!!!<\/p>\n<p>\u012apa\u0161i viegli uzliesmojo\u0161s aerosols. Tvertne zem spiediena karstum\u0101 var eksplod\u0113t.<\/p>","protected":false},"excerpt":{"rendered":"<p>G\u0101zes balons, tilpums 190g. Univers\u0101ls k\u0101rtrid\u017es kr\u0101sn\u012bm, deg\u013ciem, lamp\u0101m. K\u0101rtrid\u017e\u0101 ir 90% but\u0101na, 10% prop\u0101na. Pild\u012bts saska\u0146\u0101 ar Eiropas standartu EN 417. Uzman\u012bbu!!! \u012apa\u0161i viegli uzliesmojo\u0161s aerosols. Tvertne zem spiediena karstum\u0101 var eksplod\u0113t.<\/p>\n","protected":false},"featured_media":21941,"comment_status":"closed","ping_status":"closed","template":"","meta":{"inline_featured_image":false},"product_cat":[917],"product_tag":[],"yst_prominent_words":[],"class_list":{"0":"post-21939","1":"product","2":"type-product","3":"status-publish","4":"has-post-thumbnail","6":"product_cat-gazes-baloni-plitinas-degli","8":"first","9":"outofstock","10":"taxable","11":"shipping-taxable","12":"purchasable","13":"product-type-simple"},"jetpack_sharing_enabled":true,"_links":{"self":[{"href":"https:\/\/ddt.lv\/lv\/wp-json\/wp\/v2\/product\/21939"}],"collection":[{"href":"https:\/\/ddt.lv\/lv\/wp-json\/wp\/v2\/product"}],"about":[{"href":"https:\/\/ddt.lv\/lv\/wp-json\/wp\/v2\/types\/product"}],"replies":[{"embeddable":true,"href":"https:\/\/ddt.lv\/lv\/wp-json\/wp\/v2\/comments?post=21939"}],"wp:featuredmedia":[{"embeddable":true,"href":"https:\/\/ddt.lv\/lv\/wp-json\/wp\/v2\/media\/21941"}],"wp:attachment":[{"href":"https:\/\/ddt.lv\/lv\/wp-json\/wp\/v2\/media?parent=21939"}],"wp:term":[{"taxonomy":"product_cat","embeddable":true,"href":"https:\/\/ddt.lv\/lv\/wp-json\/wp\/v2\/product_cat?post=21939"},{"taxonomy":"product_tag","embeddable":true,"href":"https:\/\/ddt.lv\/lv\/wp-json\/wp\/v2\/product_tag?post=21939"},{"taxonomy":"yst_prominent_words","embeddable":true,"href":"https:\/\/ddt.lv\/lv\/wp-json\/wp\/v2\/yst_prominent_words?post=21939"}],"curies":[{"name":"wp","href":"https:\/\/api.w.org\/{rel}","templated":true}]}}