{"id":21878,"date":"2020-02-21T11:47:29","date_gmt":"2020-02-21T09:47:29","guid":{"rendered":"https:\/\/ddt.lv\/lv\/product\/gazes-deglis-1-3kw-1300c-vorel\/"},"modified":"2026-04-01T00:10:44","modified_gmt":"2026-03-31T21:10:44","slug":"gazes-deglis-1-3kw-1300c-vorel","status":"publish","type":"product","link":"https:\/\/ddt.lv\/lv\/product\/gazes-deglis-1-3kw-1300c-vorel\/","title":{"rendered":"G\u0101zes deglis 1.3kW 1300\u00b0C VOREL"},"content":{"rendered":"<p>G\u0101zes deglis no ra\u017eot\u0101ja Vorel. Jauda l\u012bdz 1.3kW. Sader\u012bgs g\u0101zes rezervu\u0101rs &#8211; kods: 558011<\/p>","protected":false},"excerpt":{"rendered":"<p>G\u0101zes deglis no ra\u017eot\u0101ja Vorel. Jauda l\u012bdz 1.3kW. Sader\u012bgs g\u0101zes rezervu\u0101rs &#8211; kods: 558011<\/p>\n","protected":false},"featured_media":21887,"comment_status":"closed","ping_status":"closed","template":"","meta":{"inline_featured_image":false},"product_cat":[917],"product_tag":[],"yst_prominent_words":[],"class_list":{"0":"post-21878","1":"product","2":"type-product","3":"status-publish","4":"has-post-thumbnail","6":"product_cat-gazes-baloni-plitinas-degli","8":"first","9":"outofstock","10":"taxable","11":"shipping-taxable","12":"purchasable","13":"product-type-simple"},"jetpack_sharing_enabled":true,"_links":{"self":[{"href":"https:\/\/ddt.lv\/lv\/wp-json\/wp\/v2\/product\/21878"}],"collection":[{"href":"https:\/\/ddt.lv\/lv\/wp-json\/wp\/v2\/product"}],"about":[{"href":"https:\/\/ddt.lv\/lv\/wp-json\/wp\/v2\/types\/product"}],"replies":[{"embeddable":true,"href":"https:\/\/ddt.lv\/lv\/wp-json\/wp\/v2\/comments?post=21878"}],"wp:featuredmedia":[{"embeddable":true,"href":"https:\/\/ddt.lv\/lv\/wp-json\/wp\/v2\/media\/21887"}],"wp:attachment":[{"href":"https:\/\/ddt.lv\/lv\/wp-json\/wp\/v2\/media?parent=21878"}],"wp:term":[{"taxonomy":"product_cat","embeddable":true,"href":"https:\/\/ddt.lv\/lv\/wp-json\/wp\/v2\/product_cat?post=21878"},{"taxonomy":"product_tag","embeddable":true,"href":"https:\/\/ddt.lv\/lv\/wp-json\/wp\/v2\/product_tag?post=21878"},{"taxonomy":"yst_prominent_words","embeddable":true,"href":"https:\/\/ddt.lv\/lv\/wp-json\/wp\/v2\/yst_prominent_words?post=21878"}],"curies":[{"name":"wp","href":"https:\/\/api.w.org\/{rel}","templated":true}]}}