{"id":21796,"date":"2020-02-18T09:55:42","date_gmt":"2020-02-18T07:55:42","guid":{"rendered":"https:\/\/ddt.lv\/lv\/product\/57912-fast-wireless-bezvadu-ladetajs-2000ma-bl1-varta\/"},"modified":"2026-04-08T14:37:18","modified_gmt":"2026-04-08T11:37:18","slug":"57912-fast-wireless-bezvadu-ladetajs-2000ma-bl1-varta","status":"publish","type":"product","link":"https:\/\/ddt.lv\/lv\/product\/57912-fast-wireless-bezvadu-ladetajs-2000ma-bl1-varta\/","title":{"rendered":"Fast Wireless bezvadu l\u0101d\u0113t\u0101js 2000mA Qi VARTA"},"content":{"rendered":"<p>Ar Qi savietojamo bezvadu l\u0101d\u0113t\u0101ju no ra\u017eot\u0101ja VARTA pied\u0101v\u0101 tre\u0161o un \u0101tr\u0101ko sava bezvadu uzl\u0101des risin\u0101juma paaudzi elegant\u0101 alum\u012bnija izskat\u0101. At\u0161\u0137ir\u012bb\u0101 no diviem priek\u0161g\u0101j\u0113jiem, bezvadu l\u0101d\u0113t\u0101ju var izmantot vair\u0101k\u0101s da\u017e\u0101d\u0101s l\u0101d\u0113\u0161anas poz\u012bcij\u0101s. Pateicoties dizainam ar no\u0146emamu stat\u012bvu, tas var uzl\u0101d\u0113t viedt\u0101lruni, kad t\u0101lrunis ir novietots vertik\u0101l\u0101 form\u0101t\u0101, horizont\u0101l\u0101 form\u0101t\u0101 vai atrodas plakaniski. Horizont\u0101lais form\u0101ts ir \u012bpa\u0161i noder\u012bgs TV faniem, piem\u0113ram, kad nev\u0113laties iztuk\u0161ot akumulatoru, kam\u0113r skat\u0101ties seri\u0101la p\u0113d\u0113jo s\u0113riju. \u010cetras gumijas p\u0113das korpusa apak\u0161\u0101 un nesl\u012bdo\u0161a pl\u0113ve uz stat\u012bva garant\u0113 dro\u0161u stabilit\u0101ti katr\u0101 poz\u012bcij\u0101.<\/p>\n","protected":false},"excerpt":{"rendered":"<p>Ar Qi savietojamo bezvadu l\u0101d\u0113t\u0101ju no ra\u017eot\u0101ja VARTA pied\u0101v\u0101 tre\u0161o un \u0101tr\u0101ko sava bezvadu uzl\u0101des risin\u0101juma paaudzi elegant\u0101 alum\u012bnija izskat\u0101. At\u0161\u0137ir\u012bb\u0101 no diviem priek\u0161g\u0101j\u0113jiem, bezvadu l\u0101d\u0113t\u0101ju var izmantot vair\u0101k\u0101s da\u017e\u0101d\u0101s l\u0101d\u0113\u0161anas poz\u012bcij\u0101s. Pateicoties dizainam ar no\u0146emamu stat\u012bvu, tas var uzl\u0101d\u0113t viedt\u0101lruni, kad t\u0101lrunis ir novietots vertik\u0101l\u0101 form\u0101t\u0101, horizont\u0101l\u0101 form\u0101t\u0101 vai atrodas plakaniski. Horizont\u0101lais form\u0101ts ir [&hellip;]<\/p>\n","protected":false},"featured_media":21800,"comment_status":"closed","ping_status":"closed","template":"","meta":{"inline_featured_image":false},"product_cat":[744],"product_tag":[],"yst_prominent_words":[],"class_list":{"0":"post-21796","1":"product","2":"type-product","3":"status-publish","4":"has-post-thumbnail","6":"product_cat-mobilo-telefonu-ladetaji-usb","8":"first","9":"instock","10":"taxable","11":"shipping-taxable","12":"purchasable","13":"product-type-simple"},"jetpack_sharing_enabled":true,"_links":{"self":[{"href":"https:\/\/ddt.lv\/lv\/wp-json\/wp\/v2\/product\/21796"}],"collection":[{"href":"https:\/\/ddt.lv\/lv\/wp-json\/wp\/v2\/product"}],"about":[{"href":"https:\/\/ddt.lv\/lv\/wp-json\/wp\/v2\/types\/product"}],"replies":[{"embeddable":true,"href":"https:\/\/ddt.lv\/lv\/wp-json\/wp\/v2\/comments?post=21796"}],"wp:featuredmedia":[{"embeddable":true,"href":"https:\/\/ddt.lv\/lv\/wp-json\/wp\/v2\/media\/21800"}],"wp:attachment":[{"href":"https:\/\/ddt.lv\/lv\/wp-json\/wp\/v2\/media?parent=21796"}],"wp:term":[{"taxonomy":"product_cat","embeddable":true,"href":"https:\/\/ddt.lv\/lv\/wp-json\/wp\/v2\/product_cat?post=21796"},{"taxonomy":"product_tag","embeddable":true,"href":"https:\/\/ddt.lv\/lv\/wp-json\/wp\/v2\/product_tag?post=21796"},{"taxonomy":"yst_prominent_words","embeddable":true,"href":"https:\/\/ddt.lv\/lv\/wp-json\/wp\/v2\/yst_prominent_words?post=21796"}],"curies":[{"name":"wp","href":"https:\/\/api.w.org\/{rel}","templated":true}]}}