{"id":21704,"date":"2020-02-12T11:25:33","date_gmt":"2020-02-12T09:25:33","guid":{"rendered":"https:\/\/ddt.lv\/lv\/product\/skalrunis-bluetooth-5w-ip65-balts-zelta-emos\/"},"modified":"2026-04-06T10:57:00","modified_gmt":"2026-04-06T07:57:00","slug":"skalrunis-bluetooth-5w-ip65-balts-zelta-emos","status":"publish","type":"product","link":"https:\/\/ddt.lv\/lv\/product\/skalrunis-bluetooth-5w-ip65-balts-zelta-emos\/","title":{"rendered":"Bluetooth Ska\u013crunis 5W IP65 balts\/zelta EMOS"},"content":{"rendered":"<p>P\u0101rn\u0113s\u0101jams multimediju atska\u0146ot\u0101js ar Bluetooth br\u012bvroku funkciju, kas izgatavots no augstas kvalit\u0101tes materi\u0101liem. \u016adensiztur\u012bgs atbilsto\u0161i IP65. Apr\u012bkots ar no\u0146emamu pies\u016bcekni un \u0101\u0137i.<\/p>\n<p>Bluetooth ska\u013crunis FREESTYLER ir apr\u012bkots ar 5 W ska\u013cruni, kas, neskatoties uz kompakto izm\u0113ru, sp\u0113j apbr\u012bnot ar savu ska\u0146u. Bluetooth ska\u013crunis nodro\u0161ina pietiekamu ska\u013cumu visur, kur v\u0113laties dal\u012bties ar savu iecien\u012bto m\u016bziku ar draugiem. T\u0101 ieb\u016bv\u0113tais uzl\u0101d\u0113jamais 500 mA akumulators var iztur\u0113t l\u012bdz pat 6 stund\u0101m nep\u0101rtrauktas atska\u0146o\u0161anas, un to var uzl\u0101d\u0113t no jebkura USB porta. Pateicoties Bluetooth tehnolo\u0123ijas izmanto\u0161anai, FREESTYLER nodro\u0161ina univers\u0101lu savienojumu ar vis\u0101m m\u016bsdienu ier\u012bc\u0113m l\u012bdz 10 metru att\u0101lumam. To var ar\u012b savienot ar cit\u0101m ier\u012bc\u0113m un audio sign\u0101la avotiem bez Bluetooth caur AUX kabeli. FREESTYLER ir iztur\u012bgs pret \u016bdeni l\u012bdz IP65, tas noz\u012bm\u0113, ka to var dro\u0161i vest jebkur, kur draud \u016bdens \u0161\u013cakatas, dub\u013ci, mitrums vai pat lietus. Tam ir pies\u016bceknis, kas paredz\u0113ts uzst\u0101d\u012b\u0161anai du\u0161\u0101, virtuv\u0113 vai jebkur citur, kur neaizsarg\u0101ta elektronika var\u0113tu tikt piln\u012bb\u0101 izn\u012bcin\u0101ta. FREESTYLER var ar\u012b piestiprin\u0101t pie ap\u0123\u0113rba vai mugursomas, izmantojot pievienoto aizdares \u0101\u0137i, lai j\u016bs var\u0113tu to n\u0113s\u0101t visur, kur jums nepiecie\u0161ams. T\u0101s korpuss, kas izgatavots no ABS plastmasas un silikona, ir ne tikai \u016bdens iztur\u012bgs, bet ar\u012b triecieniztur\u012bgs un putek\u013cu necaurlaid\u012bgs. Ieb\u016bv\u0113ts mikrofons un br\u012bvroku tehnolo\u0123ija \u013caus jums sa\u0146emt un veikt zvanus no mobil\u0101 t\u0101lru\u0146a. Savienojot ska\u013cruni ar t\u0101lruni, abas rokas b\u016bs br\u012bvas dro\u0161ai brauk\u0161anai vai \u0113rtai rakst\u012b\u0161anai uz klaviat\u016bras. T\u0101p\u0113c FREESTYLER ir ide\u0101ls pavadonis braucieniem, kempingam, piknikiem vai atp\u016btai pie baseina.<\/p>\n","protected":false},"excerpt":{"rendered":"<p>P\u0101rn\u0113s\u0101jams multimediju atska\u0146ot\u0101js ar Bluetooth br\u012bvroku funkciju, kas izgatavots no augstas kvalit\u0101tes materi\u0101liem. \u016adensiztur\u012bgs atbilsto\u0161i IP65. Apr\u012bkots ar no\u0146emamu pies\u016bcekni un \u0101\u0137i. Bluetooth ska\u013crunis FREESTYLER ir apr\u012bkots ar 5 W ska\u013cruni, kas, neskatoties uz kompakto izm\u0113ru, sp\u0113j apbr\u012bnot ar savu ska\u0146u. Bluetooth ska\u013crunis nodro\u0161ina pietiekamu ska\u013cumu visur, kur v\u0113laties dal\u012bties ar savu iecien\u012bto m\u016bziku ar [&hellip;]<\/p>\n","protected":false},"featured_media":21723,"comment_status":"closed","ping_status":"closed","template":"","meta":{"inline_featured_image":false},"product_cat":[845],"product_tag":[],"yst_prominent_words":[],"class_list":{"0":"post-21704","1":"product","2":"type-product","3":"status-publish","4":"has-post-thumbnail","6":"product_cat-radio-bluetooth-skalruni","8":"first","9":"instock","10":"taxable","11":"shipping-taxable","12":"purchasable","13":"product-type-simple"},"jetpack_sharing_enabled":true,"_links":{"self":[{"href":"https:\/\/ddt.lv\/lv\/wp-json\/wp\/v2\/product\/21704"}],"collection":[{"href":"https:\/\/ddt.lv\/lv\/wp-json\/wp\/v2\/product"}],"about":[{"href":"https:\/\/ddt.lv\/lv\/wp-json\/wp\/v2\/types\/product"}],"replies":[{"embeddable":true,"href":"https:\/\/ddt.lv\/lv\/wp-json\/wp\/v2\/comments?post=21704"}],"wp:featuredmedia":[{"embeddable":true,"href":"https:\/\/ddt.lv\/lv\/wp-json\/wp\/v2\/media\/21723"}],"wp:attachment":[{"href":"https:\/\/ddt.lv\/lv\/wp-json\/wp\/v2\/media?parent=21704"}],"wp:term":[{"taxonomy":"product_cat","embeddable":true,"href":"https:\/\/ddt.lv\/lv\/wp-json\/wp\/v2\/product_cat?post=21704"},{"taxonomy":"product_tag","embeddable":true,"href":"https:\/\/ddt.lv\/lv\/wp-json\/wp\/v2\/product_tag?post=21704"},{"taxonomy":"yst_prominent_words","embeddable":true,"href":"https:\/\/ddt.lv\/lv\/wp-json\/wp\/v2\/yst_prominent_words?post=21704"}],"curies":[{"name":"wp","href":"https:\/\/api.w.org\/{rel}","templated":true}]}}