{"id":21703,"date":"2020-02-12T11:25:33","date_gmt":"2020-02-12T09:25:33","guid":{"rendered":"https:\/\/ddt.lv\/lv\/product\/skalrunis-bluetooth-12w-ip65-ik09-20h-melns-sarkans-emos\/"},"modified":"2026-04-06T10:57:00","modified_gmt":"2026-04-06T07:57:00","slug":"skalrunis-bluetooth-12w-ip65-ik09-20h-melns-sarkans-emos","status":"publish","type":"product","link":"https:\/\/ddt.lv\/lv\/product\/skalrunis-bluetooth-12w-ip65-ik09-20h-melns-sarkans-emos\/","title":{"rendered":"Bluetooth Ska\u013crunis 12W IP65 IK09 20h Melns\/sarkans EMOS"},"content":{"rendered":"<p>Bezvadu Bluetooth ska\u013crunis ar Handsfree funkciju iztur\u012bg\u0101 korpus\u0101. Ieb\u016bv\u0113ts mikrofons \u0113rtiem un dro\u0161iem t\u0101lru\u0146a zvaniem.<\/p>\n<p>BOOMER var lepoties ar 12 W audio jaudu, pied\u0101v\u0101jot skaidru un asu ska\u0146u ar jaud\u012bgu basu. Pateicoties jaud\u012bgajam ieb\u016bv\u0113tajam 4 400 mAh akumulatoram, pilna uzl\u0101de \u013caus jums klaus\u012bties m\u016bziku l\u012bdz 25 stund\u0101m ar 70% ska\u013cumu vai 6\u20138 stundas ar maksim\u0101lo ska\u013cumu. Bluetooth ska\u013cru\u0146a BOOMER korpuss ir izgatavots no iztur\u012bgas plastmasas. Pateicoties SCR mikrosh\u0113mojumam, Bluetooth ska\u013crunis BOOMER sp\u0113j nodro\u0161in\u0101t univers\u0101lu savienojumu ar vis\u0101m ier\u012bc\u0113m, kas apr\u012bkotas ar Bluetooth. Vai jums ir iPhone 7, 6s, 6, 5, 5s; t\u0101lrunis ar Android OS vai plan\u0161etdators; dators vai kl\u0113pjdators ar Windows vai MAC; Mobilais telefons; iPad? Tad j\u016bs varat izveidot savienojumu ar Bluetooth ska\u013cruni bez probl\u0113m\u0101m un, v\u0113l svar\u012bg\u0101k, bez kabe\u013ciem, no att\u0101luma l\u012bdz 10 metriem. To var ar\u012b savienot ar cit\u0101m ier\u012bc\u0113m un audio sign\u0101la avotiem bez Bluetooth caur AUX kabeli. BOOMER ir \u016bdensiztur\u012bgs l\u012bdz mitrumiztur\u012bbai IP65. Tas noz\u012bm\u0113, ka to var dro\u0161i aizvest jebkur, kur draud \u016bdens \u0161\u013cakatas dub\u013ci, mitrums vai pat lietus. BOOMER var ar\u012b piekarin\u0101t visur, kur jums nepiecie\u0161ams, pateicoties pievienotajam \u0101\u0137im. Zvanu sa\u0146em\u0161ana caur ska\u013cruni, vienk\u0101r\u0161i nospie\u017eot pogu &#8211; ieb\u016bv\u0113tais mikrofons \u013caus izbaud\u012bt br\u012bvroku ier\u012bces lieto\u0161anu.<\/p>\n","protected":false},"excerpt":{"rendered":"<p>Bezvadu Bluetooth ska\u013crunis ar Handsfree funkciju iztur\u012bg\u0101 korpus\u0101. Ieb\u016bv\u0113ts mikrofons \u0113rtiem un dro\u0161iem t\u0101lru\u0146a zvaniem. BOOMER var lepoties ar 12 W audio jaudu, pied\u0101v\u0101jot skaidru un asu ska\u0146u ar jaud\u012bgu basu. Pateicoties jaud\u012bgajam ieb\u016bv\u0113tajam 4 400 mAh akumulatoram, pilna uzl\u0101de \u013caus jums klaus\u012bties m\u016bziku l\u012bdz 25 stund\u0101m ar 70% ska\u013cumu vai 6\u20138 stundas ar maksim\u0101lo [&hellip;]<\/p>\n","protected":false},"featured_media":21716,"comment_status":"closed","ping_status":"closed","template":"","meta":{"inline_featured_image":false},"product_cat":[845],"product_tag":[],"yst_prominent_words":[],"class_list":{"0":"post-21703","1":"product","2":"type-product","3":"status-publish","4":"has-post-thumbnail","6":"product_cat-radio-bluetooth-skalruni","8":"first","9":"outofstock","10":"taxable","11":"shipping-taxable","12":"purchasable","13":"product-type-simple"},"jetpack_sharing_enabled":true,"_links":{"self":[{"href":"https:\/\/ddt.lv\/lv\/wp-json\/wp\/v2\/product\/21703"}],"collection":[{"href":"https:\/\/ddt.lv\/lv\/wp-json\/wp\/v2\/product"}],"about":[{"href":"https:\/\/ddt.lv\/lv\/wp-json\/wp\/v2\/types\/product"}],"replies":[{"embeddable":true,"href":"https:\/\/ddt.lv\/lv\/wp-json\/wp\/v2\/comments?post=21703"}],"wp:featuredmedia":[{"embeddable":true,"href":"https:\/\/ddt.lv\/lv\/wp-json\/wp\/v2\/media\/21716"}],"wp:attachment":[{"href":"https:\/\/ddt.lv\/lv\/wp-json\/wp\/v2\/media?parent=21703"}],"wp:term":[{"taxonomy":"product_cat","embeddable":true,"href":"https:\/\/ddt.lv\/lv\/wp-json\/wp\/v2\/product_cat?post=21703"},{"taxonomy":"product_tag","embeddable":true,"href":"https:\/\/ddt.lv\/lv\/wp-json\/wp\/v2\/product_tag?post=21703"},{"taxonomy":"yst_prominent_words","embeddable":true,"href":"https:\/\/ddt.lv\/lv\/wp-json\/wp\/v2\/yst_prominent_words?post=21703"}],"curies":[{"name":"wp","href":"https:\/\/api.w.org\/{rel}","templated":true}]}}