{"id":21702,"date":"2020-02-12T11:25:32","date_gmt":"2020-02-12T09:25:32","guid":{"rendered":"https:\/\/ddt.lv\/lv\/product\/skalrunis-usb-fm-bluetooth-emos-2\/"},"modified":"2026-04-06T10:48:14","modified_gmt":"2026-04-06T07:48:14","slug":"skalrunis-usb-fm-bluetooth-emos-2","status":"publish","type":"product","link":"https:\/\/ddt.lv\/lv\/product\/skalrunis-usb-fm-microsd-bluetooth-emos-2\/","title":{"rendered":"FM radio\/MP3\/USB\/mircroSD\/Bluetooth\/3W atska\u0146ot\u0101js EMOS"},"content":{"rendered":"<p>Bezvadu ska\u013crunis ar ieb\u016bv\u0113tu Bluetooth, USB, microSD savienojam\u012bbu un radio uztv\u0113r\u0113ju.<\/p>\n","protected":false},"excerpt":{"rendered":"<p>Bezvadu ska\u013crunis ar ieb\u016bv\u0113tu Bluetooth, USB, microSD savienojam\u012bbu un radio uztv\u0113r\u0113ju.<\/p>\n","protected":false},"featured_media":21736,"comment_status":"closed","ping_status":"closed","template":"","meta":{"inline_featured_image":false},"product_cat":[845],"product_tag":[],"yst_prominent_words":[],"class_list":{"0":"post-21702","1":"product","2":"type-product","3":"status-publish","4":"has-post-thumbnail","6":"product_cat-radio-bluetooth-skalruni","8":"first","9":"outofstock","10":"taxable","11":"shipping-taxable","12":"purchasable","13":"product-type-simple"},"jetpack_sharing_enabled":true,"_links":{"self":[{"href":"https:\/\/ddt.lv\/lv\/wp-json\/wp\/v2\/product\/21702"}],"collection":[{"href":"https:\/\/ddt.lv\/lv\/wp-json\/wp\/v2\/product"}],"about":[{"href":"https:\/\/ddt.lv\/lv\/wp-json\/wp\/v2\/types\/product"}],"replies":[{"embeddable":true,"href":"https:\/\/ddt.lv\/lv\/wp-json\/wp\/v2\/comments?post=21702"}],"wp:featuredmedia":[{"embeddable":true,"href":"https:\/\/ddt.lv\/lv\/wp-json\/wp\/v2\/media\/21736"}],"wp:attachment":[{"href":"https:\/\/ddt.lv\/lv\/wp-json\/wp\/v2\/media?parent=21702"}],"wp:term":[{"taxonomy":"product_cat","embeddable":true,"href":"https:\/\/ddt.lv\/lv\/wp-json\/wp\/v2\/product_cat?post=21702"},{"taxonomy":"product_tag","embeddable":true,"href":"https:\/\/ddt.lv\/lv\/wp-json\/wp\/v2\/product_tag?post=21702"},{"taxonomy":"yst_prominent_words","embeddable":true,"href":"https:\/\/ddt.lv\/lv\/wp-json\/wp\/v2\/yst_prominent_words?post=21702"}],"curies":[{"name":"wp","href":"https:\/\/api.w.org\/{rel}","templated":true}]}}