{"id":21699,"date":"2020-02-12T11:25:31","date_gmt":"2020-02-12T09:25:31","guid":{"rendered":"https:\/\/ddt.lv\/lv\/product\/fm-radio-mp3-usb-data-sd-micro-bluetooth-3w-atskanotajs-emos\/"},"modified":"2026-04-06T10:51:27","modified_gmt":"2026-04-06T07:51:27","slug":"fm-radio-mp3-usb-data-sd-micro-bluetooth-3w-atskanotajs-emos","status":"publish","type":"product","link":"https:\/\/ddt.lv\/lv\/product\/fm-radio-mp3-usb-mircrosd-bluetooth-3w-atskanotajs-sudr-emos\/","title":{"rendered":"FM radio\/MP3\/USB\/mircroSD\/Bluetooth\/3W atska\u0146ot\u0101js EMOS"},"content":{"rendered":"<p>Bezvadu ska\u013crunis ar ieb\u016bv\u0113tu Bluetooth, USB, microSD savienojam\u012bbu un radio uztv\u0113r\u0113ju.<\/p>\n","protected":false},"excerpt":{"rendered":"<p>Bezvadu ska\u013crunis ar ieb\u016bv\u0113tu Bluetooth, USB, microSD savienojam\u012bbu un radio uztv\u0113r\u0113ju.<\/p>\n","protected":false},"featured_media":21752,"comment_status":"closed","ping_status":"closed","template":"","meta":{"inline_featured_image":false},"product_cat":[845],"product_tag":[],"yst_prominent_words":[],"class_list":{"0":"post-21699","1":"product","2":"type-product","3":"status-publish","4":"has-post-thumbnail","6":"product_cat-radio-bluetooth-skalruni","8":"first","9":"outofstock","10":"taxable","11":"shipping-taxable","12":"purchasable","13":"product-type-simple"},"jetpack_sharing_enabled":true,"_links":{"self":[{"href":"https:\/\/ddt.lv\/lv\/wp-json\/wp\/v2\/product\/21699"}],"collection":[{"href":"https:\/\/ddt.lv\/lv\/wp-json\/wp\/v2\/product"}],"about":[{"href":"https:\/\/ddt.lv\/lv\/wp-json\/wp\/v2\/types\/product"}],"replies":[{"embeddable":true,"href":"https:\/\/ddt.lv\/lv\/wp-json\/wp\/v2\/comments?post=21699"}],"wp:featuredmedia":[{"embeddable":true,"href":"https:\/\/ddt.lv\/lv\/wp-json\/wp\/v2\/media\/21752"}],"wp:attachment":[{"href":"https:\/\/ddt.lv\/lv\/wp-json\/wp\/v2\/media?parent=21699"}],"wp:term":[{"taxonomy":"product_cat","embeddable":true,"href":"https:\/\/ddt.lv\/lv\/wp-json\/wp\/v2\/product_cat?post=21699"},{"taxonomy":"product_tag","embeddable":true,"href":"https:\/\/ddt.lv\/lv\/wp-json\/wp\/v2\/product_tag?post=21699"},{"taxonomy":"yst_prominent_words","embeddable":true,"href":"https:\/\/ddt.lv\/lv\/wp-json\/wp\/v2\/yst_prominent_words?post=21699"}],"curies":[{"name":"wp","href":"https:\/\/api.w.org\/{rel}","templated":true}]}}