{"id":21698,"date":"2020-02-12T11:25:31","date_gmt":"2020-02-12T09:25:31","guid":{"rendered":"https:\/\/ddt.lv\/lv\/product\/fm-radio-mp3-usb-data-sd-micro-3w-atskanotajs-peleks-em-213\/"},"modified":"2026-04-06T10:56:24","modified_gmt":"2026-04-06T07:56:24","slug":"fm-radio-mp3-usb-data-sd-micro-3w-atskanotajs-peleks-em-213","status":"publish","type":"product","link":"https:\/\/ddt.lv\/lv\/product\/fm-radio-mp3-usb-microsd-3w-atskanotajs-em-213-ladejams\/","title":{"rendered":"FM radio\/MP3\/USB\/MICROSD\/3W atska\u0146ot\u0101js uzl\u0101d\u0113jams EMOS"},"content":{"rendered":"<p>P\u0101rn\u0113s\u0101jams multimediju atska\u0146ot\u0101js ar FM radio. FM radio ar digit\u0101lo uztv\u0113r\u0113ju prec\u012bzai noregul\u0113\u0161anai. Atbalsta mp3 failu atska\u0146o\u0161anu no USB zibatmi\u0146as ier\u012bces vai micro SD kartes.<\/p>\n","protected":false},"excerpt":{"rendered":"<p>P\u0101rn\u0113s\u0101jams multimediju atska\u0146ot\u0101js ar FM radio. FM radio ar digit\u0101lo uztv\u0113r\u0113ju prec\u012bzai noregul\u0113\u0161anai. Atbalsta mp3 failu atska\u0146o\u0161anu no USB zibatmi\u0146as ier\u012bces vai micro SD kartes.<\/p>\n","protected":false},"featured_media":21748,"comment_status":"closed","ping_status":"closed","template":"","meta":{"inline_featured_image":false},"product_cat":[845],"product_tag":[],"yst_prominent_words":[],"class_list":{"0":"post-21698","1":"product","2":"type-product","3":"status-publish","4":"has-post-thumbnail","6":"product_cat-radio-bluetooth-skalruni","8":"first","9":"instock","10":"taxable","11":"shipping-taxable","12":"purchasable","13":"product-type-simple"},"jetpack_sharing_enabled":true,"_links":{"self":[{"href":"https:\/\/ddt.lv\/lv\/wp-json\/wp\/v2\/product\/21698"}],"collection":[{"href":"https:\/\/ddt.lv\/lv\/wp-json\/wp\/v2\/product"}],"about":[{"href":"https:\/\/ddt.lv\/lv\/wp-json\/wp\/v2\/types\/product"}],"replies":[{"embeddable":true,"href":"https:\/\/ddt.lv\/lv\/wp-json\/wp\/v2\/comments?post=21698"}],"wp:featuredmedia":[{"embeddable":true,"href":"https:\/\/ddt.lv\/lv\/wp-json\/wp\/v2\/media\/21748"}],"wp:attachment":[{"href":"https:\/\/ddt.lv\/lv\/wp-json\/wp\/v2\/media?parent=21698"}],"wp:term":[{"taxonomy":"product_cat","embeddable":true,"href":"https:\/\/ddt.lv\/lv\/wp-json\/wp\/v2\/product_cat?post=21698"},{"taxonomy":"product_tag","embeddable":true,"href":"https:\/\/ddt.lv\/lv\/wp-json\/wp\/v2\/product_tag?post=21698"},{"taxonomy":"yst_prominent_words","embeddable":true,"href":"https:\/\/ddt.lv\/lv\/wp-json\/wp\/v2\/yst_prominent_words?post=21698"}],"curies":[{"name":"wp","href":"https:\/\/api.w.org\/{rel}","templated":true}]}}