{"id":21660,"date":"2020-02-11T12:55:30","date_gmt":"2020-02-11T10:55:30","guid":{"rendered":"https:\/\/ddt.lv\/lv\/product\/profils-led-lentai-202m-aluminija-tips-d\/"},"modified":"2026-04-01T00:11:37","modified_gmt":"2026-03-31T21:11:37","slug":"profils-led-lentai-202m-aluminija-tips-d","status":"publish","type":"product","link":"https:\/\/ddt.lv\/lv\/product\/profils-led-lentai-202m-aluminija-tips-d\/","title":{"rendered":"Profils LED lentai Avide 2,02m alum\u012bnija Tips D"},"content":{"rendered":"<p>Profils LED lentai no ra\u017eot\u0101ja Avide.<\/p>\n","protected":false},"excerpt":{"rendered":"<p>Profils LED lentai no ra\u017eot\u0101ja Avide.<\/p>\n","protected":false},"featured_media":21671,"comment_status":"closed","ping_status":"closed","template":"","meta":{"inline_featured_image":false},"product_cat":[897],"product_tag":[],"yst_prominent_words":[],"class_list":{"0":"post-21660","1":"product","2":"type-product","3":"status-publish","4":"has-post-thumbnail","6":"product_cat-led-lentas-un-piederumi","8":"first","9":"instock","10":"taxable","11":"shipping-taxable","12":"purchasable","13":"product-type-simple"},"jetpack_sharing_enabled":true,"_links":{"self":[{"href":"https:\/\/ddt.lv\/lv\/wp-json\/wp\/v2\/product\/21660"}],"collection":[{"href":"https:\/\/ddt.lv\/lv\/wp-json\/wp\/v2\/product"}],"about":[{"href":"https:\/\/ddt.lv\/lv\/wp-json\/wp\/v2\/types\/product"}],"replies":[{"embeddable":true,"href":"https:\/\/ddt.lv\/lv\/wp-json\/wp\/v2\/comments?post=21660"}],"wp:featuredmedia":[{"embeddable":true,"href":"https:\/\/ddt.lv\/lv\/wp-json\/wp\/v2\/media\/21671"}],"wp:attachment":[{"href":"https:\/\/ddt.lv\/lv\/wp-json\/wp\/v2\/media?parent=21660"}],"wp:term":[{"taxonomy":"product_cat","embeddable":true,"href":"https:\/\/ddt.lv\/lv\/wp-json\/wp\/v2\/product_cat?post=21660"},{"taxonomy":"product_tag","embeddable":true,"href":"https:\/\/ddt.lv\/lv\/wp-json\/wp\/v2\/product_tag?post=21660"},{"taxonomy":"yst_prominent_words","embeddable":true,"href":"https:\/\/ddt.lv\/lv\/wp-json\/wp\/v2\/yst_prominent_words?post=21660"}],"curies":[{"name":"wp","href":"https:\/\/api.w.org\/{rel}","templated":true}]}}