{"id":21651,"date":"2020-02-11T12:55:27","date_gmt":"2020-02-11T10:55:27","guid":{"rendered":"https:\/\/ddt.lv\/lv\/product\/led-lentas-komp-5m-7-2w-m-1650lm-12v-ip65-dim-rgb\/"},"modified":"2026-04-01T00:12:40","modified_gmt":"2026-03-31T21:12:40","slug":"led-lentas-komp-5m-7-2w-m-1650lm-12v-ip65-dim-rgb","status":"publish","type":"product","link":"https:\/\/ddt.lv\/lv\/product\/led-lentas-komp-5m-7-2w-m-1650lm-12v-ip65-dim-rgb\/","title":{"rendered":"LED lentas komplekts ar pulti Avide 5m 7.2W\/m 1650lm 12V WIFI TUYA + IR IP65"},"content":{"rendered":"<p>Led lentas komplekts no ra\u017eot\u0101ja Avide.<br \/>\nKomplekt\u0101: LED lente 5m, t\u0101lvad\u012bbas pults, adapteris, IR kontrolieris.<br \/>\n    Gaismas pl\u016bsma: 5\u043c-1650 Lm; 330Lm\/m.<br \/>\n    Jauda: 5m &#8211; 36W; 7,2 W\/m.<br \/>\n    Diodes tips: SMD5050.<br \/>\n    Adapteris: 12V 2A.<br \/>\n    Vad\u012bbas veids: IR + WiFi.<br \/>\n    Aptum\u0161o\u0161ana: j\u0101.<br \/>\n    Kalpo\u0161anas laiks: 25 000 stundas.<br \/>\n    Spriegums: 12V.<br \/>\n    LED \/ m: 30 gab.<br \/>\n    Gaismas temperat\u016bra: balta gaisma 5000K + RGB.<br \/>\n    Darba temperat\u016bra: -20-60 \u00b0C.<br \/>\n    Apgaismojuma le\u0146\u0137is: 120\u00b0.<br \/>\n    IP aizsardz\u012bbas klase: IP65 (lente), IP20.<br \/>\n    LED lentes garums: 5m.<br \/>\n    Ener\u0123ijas klase: A+.<br \/>\n    Darbojas ar Amazon Alexa, Google pal\u012bgu, iPhone App Store, Android Google Play atbalstu.<br \/>\n    Iepakojuma izm\u0113ri: 195mm x 252mm x 72mm.<br \/>\n    Iepakojuma svars: 455g.<\/p>\n<p><\/p>","protected":false},"excerpt":{"rendered":"<p>Led lentas komplekts no ra\u017eot\u0101ja Avide. Komplekt\u0101: LED lente 5m, t\u0101lvad\u012bbas pults, adapteris, IR kontrolieris. Gaismas pl\u016bsma: 5\u043c-1650 Lm; 330Lm\/m. Jauda: 5m &#8211; 36W; 7,2 W\/m. Diodes tips: SMD5050. Adapteris: 12V 2A. Vad\u012bbas veids: IR + WiFi. Aptum\u0161o\u0161ana: j\u0101. Kalpo\u0161anas laiks: 25 000 stundas. Spriegums: 12V. LED \/ m: 30 gab. Gaismas temperat\u016bra: balta gaisma [&hellip;]<\/p>\n","protected":false},"featured_media":29487,"comment_status":"closed","ping_status":"closed","template":"","meta":{"inline_featured_image":false},"product_cat":[897],"product_tag":[],"yst_prominent_words":[],"class_list":{"0":"post-21651","1":"product","2":"type-product","3":"status-publish","4":"has-post-thumbnail","6":"product_cat-led-lentas-un-piederumi","8":"first","9":"instock","10":"taxable","11":"shipping-taxable","12":"purchasable","13":"product-type-simple"},"jetpack_sharing_enabled":true,"_links":{"self":[{"href":"https:\/\/ddt.lv\/lv\/wp-json\/wp\/v2\/product\/21651"}],"collection":[{"href":"https:\/\/ddt.lv\/lv\/wp-json\/wp\/v2\/product"}],"about":[{"href":"https:\/\/ddt.lv\/lv\/wp-json\/wp\/v2\/types\/product"}],"replies":[{"embeddable":true,"href":"https:\/\/ddt.lv\/lv\/wp-json\/wp\/v2\/comments?post=21651"}],"wp:featuredmedia":[{"embeddable":true,"href":"https:\/\/ddt.lv\/lv\/wp-json\/wp\/v2\/media\/29487"}],"wp:attachment":[{"href":"https:\/\/ddt.lv\/lv\/wp-json\/wp\/v2\/media?parent=21651"}],"wp:term":[{"taxonomy":"product_cat","embeddable":true,"href":"https:\/\/ddt.lv\/lv\/wp-json\/wp\/v2\/product_cat?post=21651"},{"taxonomy":"product_tag","embeddable":true,"href":"https:\/\/ddt.lv\/lv\/wp-json\/wp\/v2\/product_tag?post=21651"},{"taxonomy":"yst_prominent_words","embeddable":true,"href":"https:\/\/ddt.lv\/lv\/wp-json\/wp\/v2\/yst_prominent_words?post=21651"}],"curies":[{"name":"wp","href":"https:\/\/api.w.org\/{rel}","templated":true}]}}