{"id":21647,"date":"2020-02-11T12:55:26","date_gmt":"2020-02-11T10:55:26","guid":{"rendered":"https:\/\/ddt.lv\/lv\/product\/led-lenta-5m-4-8w-m-300lm-m-4000k-120-12v-ip20-dim-avide\/"},"modified":"2026-04-01T00:15:35","modified_gmt":"2026-03-31T21:15:35","slug":"led-lenta-5m-4-8w-m-300lm-m-4000k-120-12v-ip20-dim-avide","status":"publish","type":"product","link":"https:\/\/ddt.lv\/lv\/product\/led-lenta-5m-4-8w-m-300lm-m-4000k-120-12v-ip20-dim-avide\/","title":{"rendered":"LED lenta Avide 5m 4.8W\/m 300lm\/m 4000K 120&#8242; 12V IP20 DIM"},"content":{"rendered":"<p>Dimm\u0113jama LED lenta no ra\u017eot\u0101ja Avide.<\/p>\n","protected":false},"excerpt":{"rendered":"<p>Dimm\u0113jama LED lenta no ra\u017eot\u0101ja Avide.<\/p>\n","protected":false},"featured_media":21691,"comment_status":"closed","ping_status":"closed","template":"","meta":{"inline_featured_image":false},"product_cat":[897],"product_tag":[],"yst_prominent_words":[],"class_list":{"0":"post-21647","1":"product","2":"type-product","3":"status-publish","4":"has-post-thumbnail","6":"product_cat-led-lentas-un-piederumi","8":"first","9":"instock","10":"taxable","11":"shipping-taxable","12":"purchasable","13":"product-type-simple"},"jetpack_sharing_enabled":true,"_links":{"self":[{"href":"https:\/\/ddt.lv\/lv\/wp-json\/wp\/v2\/product\/21647"}],"collection":[{"href":"https:\/\/ddt.lv\/lv\/wp-json\/wp\/v2\/product"}],"about":[{"href":"https:\/\/ddt.lv\/lv\/wp-json\/wp\/v2\/types\/product"}],"replies":[{"embeddable":true,"href":"https:\/\/ddt.lv\/lv\/wp-json\/wp\/v2\/comments?post=21647"}],"wp:featuredmedia":[{"embeddable":true,"href":"https:\/\/ddt.lv\/lv\/wp-json\/wp\/v2\/media\/21691"}],"wp:attachment":[{"href":"https:\/\/ddt.lv\/lv\/wp-json\/wp\/v2\/media?parent=21647"}],"wp:term":[{"taxonomy":"product_cat","embeddable":true,"href":"https:\/\/ddt.lv\/lv\/wp-json\/wp\/v2\/product_cat?post=21647"},{"taxonomy":"product_tag","embeddable":true,"href":"https:\/\/ddt.lv\/lv\/wp-json\/wp\/v2\/product_tag?post=21647"},{"taxonomy":"yst_prominent_words","embeddable":true,"href":"https:\/\/ddt.lv\/lv\/wp-json\/wp\/v2\/yst_prominent_words?post=21647"}],"curies":[{"name":"wp","href":"https:\/\/api.w.org\/{rel}","templated":true}]}}