{"id":21603,"date":"2020-02-06T12:19:43","date_gmt":"2020-02-06T10:19:43","guid":{"rendered":"https:\/\/ddt.lv\/lv\/product\/griestu-lampa-volta-06-60w-230v-e27-ip20-zext-satina\/"},"modified":"2026-04-01T00:12:31","modified_gmt":"2026-03-31T21:12:31","slug":"griestu-lampa-volta-06-60w-230v-e27-ip20-zext-satina","status":"publish","type":"product","link":"https:\/\/ddt.lv\/lv\/product\/griestu-lampa-volta-06-60w-230v-e27-ip20-zext-satina\/","title":{"rendered":"Griestu lampa ZEXT VOLTA 06 60W 230V E27 IP20 Sat\u012bna"},"content":{"rendered":"<p>Griestu lampa VOLTA no ra\u017eot\u0101ja ZeXt.\u00a0 Spuldze neietilpst komplekt\u0101.<\/p>\n","protected":false},"excerpt":{"rendered":"<p>Griestu lampa VOLTA no ra\u017eot\u0101ja ZeXt.\u00a0 Spuldze neietilpst komplekt\u0101.<\/p>\n","protected":false},"featured_media":21604,"comment_status":"closed","ping_status":"closed","template":"","meta":{"inline_featured_image":false},"product_cat":[901],"product_tag":[],"yst_prominent_words":[],"class_list":{"0":"post-21603","1":"product","2":"type-product","3":"status-publish","4":"has-post-thumbnail","6":"product_cat-gaismekli-iekarti-gaismekli-apgaismojums","8":"first","9":"instock","10":"taxable","11":"shipping-taxable","12":"purchasable","13":"product-type-simple"},"jetpack_sharing_enabled":true,"_links":{"self":[{"href":"https:\/\/ddt.lv\/lv\/wp-json\/wp\/v2\/product\/21603"}],"collection":[{"href":"https:\/\/ddt.lv\/lv\/wp-json\/wp\/v2\/product"}],"about":[{"href":"https:\/\/ddt.lv\/lv\/wp-json\/wp\/v2\/types\/product"}],"replies":[{"embeddable":true,"href":"https:\/\/ddt.lv\/lv\/wp-json\/wp\/v2\/comments?post=21603"}],"wp:featuredmedia":[{"embeddable":true,"href":"https:\/\/ddt.lv\/lv\/wp-json\/wp\/v2\/media\/21604"}],"wp:attachment":[{"href":"https:\/\/ddt.lv\/lv\/wp-json\/wp\/v2\/media?parent=21603"}],"wp:term":[{"taxonomy":"product_cat","embeddable":true,"href":"https:\/\/ddt.lv\/lv\/wp-json\/wp\/v2\/product_cat?post=21603"},{"taxonomy":"product_tag","embeddable":true,"href":"https:\/\/ddt.lv\/lv\/wp-json\/wp\/v2\/product_tag?post=21603"},{"taxonomy":"yst_prominent_words","embeddable":true,"href":"https:\/\/ddt.lv\/lv\/wp-json\/wp\/v2\/yst_prominent_words?post=21603"}],"curies":[{"name":"wp","href":"https:\/\/api.w.org\/{rel}","templated":true}]}}