{"id":21565,"date":"2020-02-06T11:17:32","date_gmt":"2020-02-06T09:17:32","guid":{"rendered":"https:\/\/ddt.lv\/lv\/product\/vads-ar-daksu-sledzi-b-z-3m-2x0-75mm2-plakansmelns-emos\/"},"modified":"2026-04-01T00:10:37","modified_gmt":"2026-03-31T21:10:37","slug":"vads-ar-daksu-sledzi-b-z-3m-2x0-75mm2-plakansmelns-emos","status":"publish","type":"product","link":"https:\/\/ddt.lv\/lv\/product\/vads-ar-daksu-sledzi-b-z-3m-2x0-75mm2-plakansmelns-emos\/","title":{"rendered":"Vads ar dak\u0161u\/sl\u0113dzi b\/z 3m 2&#215;0.75mm2 plakans,melns EMOS"},"content":{"rendered":"<p>Vads tiek izmantots da\u017e\u0101du elektrisko ier\u012b\u010du pievieno\u0161anai pie str\u0101vas vai vec\u0101 str\u0101vas vada nomai\u0146ai.<\/p>\n","protected":false},"excerpt":{"rendered":"<p>Vads tiek izmantots da\u017e\u0101du elektrisko ier\u012b\u010du pievieno\u0161anai pie str\u0101vas vai vec\u0101 str\u0101vas vada nomai\u0146ai.<\/p>\n","protected":false},"featured_media":21578,"comment_status":"closed","ping_status":"closed","template":"","meta":{"inline_featured_image":false},"product_cat":[841],"product_tag":[],"yst_prominent_words":[],"class_list":{"0":"post-21565","1":"product","2":"type-product","3":"status-publish","4":"has-post-thumbnail","6":"product_cat-pagarinatajvadi-plakani","8":"first","9":"instock","10":"taxable","11":"shipping-taxable","12":"purchasable","13":"product-type-simple"},"jetpack_sharing_enabled":true,"_links":{"self":[{"href":"https:\/\/ddt.lv\/lv\/wp-json\/wp\/v2\/product\/21565"}],"collection":[{"href":"https:\/\/ddt.lv\/lv\/wp-json\/wp\/v2\/product"}],"about":[{"href":"https:\/\/ddt.lv\/lv\/wp-json\/wp\/v2\/types\/product"}],"replies":[{"embeddable":true,"href":"https:\/\/ddt.lv\/lv\/wp-json\/wp\/v2\/comments?post=21565"}],"wp:featuredmedia":[{"embeddable":true,"href":"https:\/\/ddt.lv\/lv\/wp-json\/wp\/v2\/media\/21578"}],"wp:attachment":[{"href":"https:\/\/ddt.lv\/lv\/wp-json\/wp\/v2\/media?parent=21565"}],"wp:term":[{"taxonomy":"product_cat","embeddable":true,"href":"https:\/\/ddt.lv\/lv\/wp-json\/wp\/v2\/product_cat?post=21565"},{"taxonomy":"product_tag","embeddable":true,"href":"https:\/\/ddt.lv\/lv\/wp-json\/wp\/v2\/product_tag?post=21565"},{"taxonomy":"yst_prominent_words","embeddable":true,"href":"https:\/\/ddt.lv\/lv\/wp-json\/wp\/v2\/yst_prominent_words?post=21565"}],"curies":[{"name":"wp","href":"https:\/\/api.w.org\/{rel}","templated":true}]}}