{"id":21526,"date":"2020-02-05T15:12:00","date_gmt":"2020-02-05T13:12:00","guid":{"rendered":"https:\/\/ddt.lv\/lv\/product\/vads-ar-kontaktdaksu-a-z-5m-3x1mm2-apals-balts-emos\/"},"modified":"2026-04-08T14:30:37","modified_gmt":"2026-04-08T11:30:37","slug":"vads-ar-kontaktdaksu-a-z-5m-3x1mm2-apals-balts-emos","status":"publish","type":"product","link":"https:\/\/ddt.lv\/lv\/product\/vads-ar-kontaktdaksu-a-z-5m-3x1mm2-apals-balts-emos\/","title":{"rendered":"Vads ar kontaktdak\u0161u a\/z 5m 3x1mm2 apa\u013c\u0161 balts EMOS"},"content":{"rendered":"<p>Vads tiek izmantots da\u017e\u0101du elektrisko ier\u012b\u010du pievieno\u0161anai pie str\u0101vas vai vec\u0101 str\u0101vas vada nomai\u0146ai.<\/p>\n","protected":false},"excerpt":{"rendered":"<p>Vads tiek izmantots da\u017e\u0101du elektrisko ier\u012b\u010du pievieno\u0161anai pie str\u0101vas vai vec\u0101 str\u0101vas vada nomai\u0146ai.<\/p>\n","protected":false},"featured_media":21534,"comment_status":"closed","ping_status":"closed","template":"","meta":{"inline_featured_image":false},"product_cat":[840],"product_tag":[],"yst_prominent_words":[],"class_list":{"0":"post-21526","1":"product","2":"type-product","3":"status-publish","4":"has-post-thumbnail","6":"product_cat-pagarinatajvadi-apali","8":"first","9":"instock","10":"taxable","11":"shipping-taxable","12":"purchasable","13":"product-type-simple"},"jetpack_sharing_enabled":true,"_links":{"self":[{"href":"https:\/\/ddt.lv\/lv\/wp-json\/wp\/v2\/product\/21526"}],"collection":[{"href":"https:\/\/ddt.lv\/lv\/wp-json\/wp\/v2\/product"}],"about":[{"href":"https:\/\/ddt.lv\/lv\/wp-json\/wp\/v2\/types\/product"}],"replies":[{"embeddable":true,"href":"https:\/\/ddt.lv\/lv\/wp-json\/wp\/v2\/comments?post=21526"}],"wp:featuredmedia":[{"embeddable":true,"href":"https:\/\/ddt.lv\/lv\/wp-json\/wp\/v2\/media\/21534"}],"wp:attachment":[{"href":"https:\/\/ddt.lv\/lv\/wp-json\/wp\/v2\/media?parent=21526"}],"wp:term":[{"taxonomy":"product_cat","embeddable":true,"href":"https:\/\/ddt.lv\/lv\/wp-json\/wp\/v2\/product_cat?post=21526"},{"taxonomy":"product_tag","embeddable":true,"href":"https:\/\/ddt.lv\/lv\/wp-json\/wp\/v2\/product_tag?post=21526"},{"taxonomy":"yst_prominent_words","embeddable":true,"href":"https:\/\/ddt.lv\/lv\/wp-json\/wp\/v2\/yst_prominent_words?post=21526"}],"curies":[{"name":"wp","href":"https:\/\/api.w.org\/{rel}","templated":true}]}}