{"id":21457,"date":"2020-02-04T11:40:09","date_gmt":"2020-02-04T09:40:09","guid":{"rendered":"https:\/\/ddt.lv\/lv\/product\/kapilarais-termostats-ar-sensoru-0-90c-230v-400v-emos\/"},"modified":"2026-04-08T14:36:51","modified_gmt":"2026-04-08T11:36:51","slug":"kapilarais-termostats-ar-sensoru-0-90c-230v-400v-emos","status":"publish","type":"product","link":"https:\/\/ddt.lv\/lv\/product\/termostats-ar-kapilaro-sensoru-0-90c-230v-400v-emos\/","title":{"rendered":"Termostats ar kapil\u0101ro sensoru 0-90\u00b0C 230V\/400V EMOS"},"content":{"rendered":"<p>Piestiprin\u0101ms termostats ar pagarin\u0101tu sensoru \u0113rtai uzstad\u012b\u0161anai. Nolasa \u016bdens temperat\u016bru \u016bdens tvertn\u0113s vai apkures sist\u0113m\u0101s. \u013bauj regul\u0113t \u016bdens temperat\u016bru, kontrol\u0113t temperat\u016bras robe\u017eas un nov\u0113rot temperat\u016bras kritumus.<\/p>\n","protected":false},"excerpt":{"rendered":"<p>Piestiprin\u0101ms termostats ar pagarin\u0101tu sensoru \u0113rtai uzstad\u012b\u0161anai. Nolasa \u016bdens temperat\u016bru \u016bdens tvertn\u0113s vai apkures sist\u0113m\u0101s. \u013bauj regul\u0113t \u016bdens temperat\u016bru, kontrol\u0113t temperat\u016bras robe\u017eas un nov\u0113rot temperat\u016bras kritumus.<\/p>\n","protected":false},"featured_media":21465,"comment_status":"closed","ping_status":"closed","template":"","meta":{"inline_featured_image":false},"product_cat":[838],"product_tag":[],"yst_prominent_words":[],"class_list":{"0":"post-21457","1":"product","2":"type-product","3":"status-publish","4":"has-post-thumbnail","6":"product_cat-termostati","8":"first","9":"instock","10":"taxable","11":"shipping-taxable","12":"purchasable","13":"product-type-simple"},"jetpack_sharing_enabled":true,"_links":{"self":[{"href":"https:\/\/ddt.lv\/lv\/wp-json\/wp\/v2\/product\/21457"}],"collection":[{"href":"https:\/\/ddt.lv\/lv\/wp-json\/wp\/v2\/product"}],"about":[{"href":"https:\/\/ddt.lv\/lv\/wp-json\/wp\/v2\/types\/product"}],"replies":[{"embeddable":true,"href":"https:\/\/ddt.lv\/lv\/wp-json\/wp\/v2\/comments?post=21457"}],"wp:featuredmedia":[{"embeddable":true,"href":"https:\/\/ddt.lv\/lv\/wp-json\/wp\/v2\/media\/21465"}],"wp:attachment":[{"href":"https:\/\/ddt.lv\/lv\/wp-json\/wp\/v2\/media?parent=21457"}],"wp:term":[{"taxonomy":"product_cat","embeddable":true,"href":"https:\/\/ddt.lv\/lv\/wp-json\/wp\/v2\/product_cat?post=21457"},{"taxonomy":"product_tag","embeddable":true,"href":"https:\/\/ddt.lv\/lv\/wp-json\/wp\/v2\/product_tag?post=21457"},{"taxonomy":"yst_prominent_words","embeddable":true,"href":"https:\/\/ddt.lv\/lv\/wp-json\/wp\/v2\/yst_prominent_words?post=21457"}],"curies":[{"name":"wp","href":"https:\/\/api.w.org\/{rel}","templated":true}]}}