{"id":21453,"date":"2020-02-04T11:40:07","date_gmt":"2020-02-04T09:40:07","guid":{"rendered":"https:\/\/ddt.lv\/lv\/product\/termostats-5-30c-230v-ac-emos\/"},"modified":"2026-04-01T00:16:51","modified_gmt":"2026-03-31T21:16:51","slug":"termostats-5-30c-230v-ac-emos","status":"publish","type":"product","link":"https:\/\/ddt.lv\/lv\/product\/termostats-5-30c-230v-ac-emos\/","title":{"rendered":"Termostats 5-30\u00b0C 230V AC EMOS"},"content":{"rendered":"<p>Manu\u0101lais termostats temperat\u016bras regul\u0113\u0161anai no ra\u017eot\u0101ja EMOS.<\/p>\n","protected":false},"excerpt":{"rendered":"<p>Manu\u0101lais termostats temperat\u016bras regul\u0113\u0161anai no ra\u017eot\u0101ja EMOS.<\/p>\n","protected":false},"featured_media":21484,"comment_status":"closed","ping_status":"closed","template":"","meta":{"inline_featured_image":false},"product_cat":[838],"product_tag":[],"yst_prominent_words":[],"class_list":{"0":"post-21453","1":"product","2":"type-product","3":"status-publish","4":"has-post-thumbnail","6":"product_cat-termostati","8":"first","9":"instock","10":"taxable","11":"shipping-taxable","12":"purchasable","13":"product-type-simple"},"jetpack_sharing_enabled":true,"_links":{"self":[{"href":"https:\/\/ddt.lv\/lv\/wp-json\/wp\/v2\/product\/21453"}],"collection":[{"href":"https:\/\/ddt.lv\/lv\/wp-json\/wp\/v2\/product"}],"about":[{"href":"https:\/\/ddt.lv\/lv\/wp-json\/wp\/v2\/types\/product"}],"replies":[{"embeddable":true,"href":"https:\/\/ddt.lv\/lv\/wp-json\/wp\/v2\/comments?post=21453"}],"wp:featuredmedia":[{"embeddable":true,"href":"https:\/\/ddt.lv\/lv\/wp-json\/wp\/v2\/media\/21484"}],"wp:attachment":[{"href":"https:\/\/ddt.lv\/lv\/wp-json\/wp\/v2\/media?parent=21453"}],"wp:term":[{"taxonomy":"product_cat","embeddable":true,"href":"https:\/\/ddt.lv\/lv\/wp-json\/wp\/v2\/product_cat?post=21453"},{"taxonomy":"product_tag","embeddable":true,"href":"https:\/\/ddt.lv\/lv\/wp-json\/wp\/v2\/product_tag?post=21453"},{"taxonomy":"yst_prominent_words","embeddable":true,"href":"https:\/\/ddt.lv\/lv\/wp-json\/wp\/v2\/yst_prominent_words?post=21453"}],"curies":[{"name":"wp","href":"https:\/\/api.w.org\/{rel}","templated":true}]}}