{"id":21358,"date":"2020-01-30T15:46:42","date_gmt":"2020-01-30T13:46:42","guid":{"rendered":"https:\/\/ddt.lv\/lv\/product\/metala-un-stravas-vadu-detektors-1x9v-vorel\/"},"modified":"2026-04-13T09:52:18","modified_gmt":"2026-04-13T06:52:18","slug":"metala-un-stravas-vadu-detektors-1x9v-vorel","status":"publish","type":"product","link":"https:\/\/ddt.lv\/lv\/product\/metala-stravas-vadu-un-koka-detektors-1x9v-vorel\/","title":{"rendered":"Met\u0101la, str\u0101vas vadu un koka detektors (1x9V) VOREL"},"content":{"rendered":"<p>Met\u0101la un str\u0101vas vadu detektors no ra\u017eot\u0101ja Vorel. 9V baterija komplekt\u0101!<\/p>\n","protected":false},"excerpt":{"rendered":"<p>Met\u0101la un str\u0101vas vadu detektors no ra\u017eot\u0101ja Vorel. 9V baterija komplekt\u0101!<\/p>\n","protected":false},"featured_media":21362,"comment_status":"closed","ping_status":"closed","template":"","meta":{"inline_featured_image":false},"product_cat":[1505],"product_tag":[],"yst_prominent_words":[],"class_list":{"0":"post-21358","1":"product","2":"type-product","3":"status-publish","4":"has-post-thumbnail","6":"product_cat-meritaji-vadu-detektori-u-c","8":"first","9":"outofstock","10":"taxable","11":"shipping-taxable","12":"purchasable","13":"product-type-simple"},"jetpack_sharing_enabled":true,"_links":{"self":[{"href":"https:\/\/ddt.lv\/lv\/wp-json\/wp\/v2\/product\/21358"}],"collection":[{"href":"https:\/\/ddt.lv\/lv\/wp-json\/wp\/v2\/product"}],"about":[{"href":"https:\/\/ddt.lv\/lv\/wp-json\/wp\/v2\/types\/product"}],"replies":[{"embeddable":true,"href":"https:\/\/ddt.lv\/lv\/wp-json\/wp\/v2\/comments?post=21358"}],"wp:featuredmedia":[{"embeddable":true,"href":"https:\/\/ddt.lv\/lv\/wp-json\/wp\/v2\/media\/21362"}],"wp:attachment":[{"href":"https:\/\/ddt.lv\/lv\/wp-json\/wp\/v2\/media?parent=21358"}],"wp:term":[{"taxonomy":"product_cat","embeddable":true,"href":"https:\/\/ddt.lv\/lv\/wp-json\/wp\/v2\/product_cat?post=21358"},{"taxonomy":"product_tag","embeddable":true,"href":"https:\/\/ddt.lv\/lv\/wp-json\/wp\/v2\/product_tag?post=21358"},{"taxonomy":"yst_prominent_words","embeddable":true,"href":"https:\/\/ddt.lv\/lv\/wp-json\/wp\/v2\/yst_prominent_words?post=21358"}],"curies":[{"name":"wp","href":"https:\/\/api.w.org\/{rel}","templated":true}]}}