{"id":21283,"date":"2020-01-29T14:56:05","date_gmt":"2020-01-29T12:56:05","guid":{"rendered":"https:\/\/ddt.lv\/lv\/product\/multimetrs-digitals-3-5-zimju-1x9v-kompl-200-300v-emos-2\/"},"modified":"2026-04-06T10:56:14","modified_gmt":"2026-04-06T07:56:14","slug":"multimetrs-digitals-3-5-zimju-1x9v-kompl-200-300v-emos-2","status":"publish","type":"product","link":"https:\/\/ddt.lv\/lv\/product\/multimetrs-digitals-3-5-zimju-1x9v-kompl-200-300v-emos\/","title":{"rendered":"Multimetrs digit\u0101ls 3\/5 z\u012bmju 1x9V komplekt\u0101 200-300V EMOS"},"content":{"rendered":"<p>Multimetrs ir \u0113rts m\u0113r\u012bjumu veik\u0161anai,\u00a0 \u0160is multimetrs Jums pal\u012bdz\u0113s vienm\u0113r, kad b\u016bs nepiecie\u0161ams str\u0101d\u0101t ar elektr\u012bbu.<\/p>\n","protected":false},"excerpt":{"rendered":"<p>Multimetrs ir \u0113rts m\u0113r\u012bjumu veik\u0161anai,\u00a0 \u0160is multimetrs Jums pal\u012bdz\u0113s vienm\u0113r, kad b\u016bs nepiecie\u0161ams str\u0101d\u0101t ar elektr\u012bbu.<\/p>\n","protected":false},"featured_media":21311,"comment_status":"closed","ping_status":"closed","template":"","meta":{"inline_featured_image":false},"product_cat":[1504],"product_tag":[],"yst_prominent_words":[],"class_list":{"0":"post-21283","1":"product","2":"type-product","3":"status-publish","4":"has-post-thumbnail","6":"product_cat-multimetri-un-testeri-merinstrumenti","8":"first","9":"instock","10":"taxable","11":"shipping-taxable","12":"purchasable","13":"product-type-simple"},"jetpack_sharing_enabled":true,"_links":{"self":[{"href":"https:\/\/ddt.lv\/lv\/wp-json\/wp\/v2\/product\/21283"}],"collection":[{"href":"https:\/\/ddt.lv\/lv\/wp-json\/wp\/v2\/product"}],"about":[{"href":"https:\/\/ddt.lv\/lv\/wp-json\/wp\/v2\/types\/product"}],"replies":[{"embeddable":true,"href":"https:\/\/ddt.lv\/lv\/wp-json\/wp\/v2\/comments?post=21283"}],"wp:featuredmedia":[{"embeddable":true,"href":"https:\/\/ddt.lv\/lv\/wp-json\/wp\/v2\/media\/21311"}],"wp:attachment":[{"href":"https:\/\/ddt.lv\/lv\/wp-json\/wp\/v2\/media?parent=21283"}],"wp:term":[{"taxonomy":"product_cat","embeddable":true,"href":"https:\/\/ddt.lv\/lv\/wp-json\/wp\/v2\/product_cat?post=21283"},{"taxonomy":"product_tag","embeddable":true,"href":"https:\/\/ddt.lv\/lv\/wp-json\/wp\/v2\/product_tag?post=21283"},{"taxonomy":"yst_prominent_words","embeddable":true,"href":"https:\/\/ddt.lv\/lv\/wp-json\/wp\/v2\/yst_prominent_words?post=21283"}],"curies":[{"name":"wp","href":"https:\/\/api.w.org\/{rel}","templated":true}]}}