{"id":21275,"date":"2020-01-29T14:56:02","date_gmt":"2020-01-29T12:56:02","guid":{"rendered":"https:\/\/ddt.lv\/lv\/product\/sprieguma-un-fazes-noteiksanas-ierice-emos\/"},"modified":"2026-04-06T10:48:16","modified_gmt":"2026-04-06T07:48:16","slug":"sprieguma-un-fazes-noteiksanas-ierice-emos","status":"publish","type":"product","link":"https:\/\/ddt.lv\/lv\/product\/sprieguma-un-fazes-noteiksanas-ierice-emos\/","title":{"rendered":"Sprieguma un f\u0101zes testeris EMOS"},"content":{"rendered":"<p>Testeris, kas piem\u0113rots k\u0101 sprieguma vai f\u0101zes kl\u0101tb\u016btnes detektors. Vienk\u0101r\u0161i uzlieciet testeri uz kontakta, un j\u016bs uzreiz zin\u0101siet, vai j\u016bs varat str\u0101d\u0101t, vai t\u0101 ir akt\u012bva.<\/p>\n","protected":false},"excerpt":{"rendered":"<p>Testeris, kas piem\u0113rots k\u0101 sprieguma vai f\u0101zes kl\u0101tb\u016btnes detektors. Vienk\u0101r\u0161i uzlieciet testeri uz kontakta, un j\u016bs uzreiz zin\u0101siet, vai j\u016bs varat str\u0101d\u0101t, vai t\u0101 ir akt\u012bva.<\/p>\n","protected":false},"featured_media":21351,"comment_status":"closed","ping_status":"closed","template":"","meta":{"inline_featured_image":false},"product_cat":[1504],"product_tag":[],"yst_prominent_words":[],"class_list":{"0":"post-21275","1":"product","2":"type-product","3":"status-publish","4":"has-post-thumbnail","6":"product_cat-multimetri-un-testeri-merinstrumenti","8":"first","9":"instock","10":"taxable","11":"shipping-taxable","12":"purchasable","13":"product-type-simple"},"jetpack_sharing_enabled":true,"_links":{"self":[{"href":"https:\/\/ddt.lv\/lv\/wp-json\/wp\/v2\/product\/21275"}],"collection":[{"href":"https:\/\/ddt.lv\/lv\/wp-json\/wp\/v2\/product"}],"about":[{"href":"https:\/\/ddt.lv\/lv\/wp-json\/wp\/v2\/types\/product"}],"replies":[{"embeddable":true,"href":"https:\/\/ddt.lv\/lv\/wp-json\/wp\/v2\/comments?post=21275"}],"wp:featuredmedia":[{"embeddable":true,"href":"https:\/\/ddt.lv\/lv\/wp-json\/wp\/v2\/media\/21351"}],"wp:attachment":[{"href":"https:\/\/ddt.lv\/lv\/wp-json\/wp\/v2\/media?parent=21275"}],"wp:term":[{"taxonomy":"product_cat","embeddable":true,"href":"https:\/\/ddt.lv\/lv\/wp-json\/wp\/v2\/product_cat?post=21275"},{"taxonomy":"product_tag","embeddable":true,"href":"https:\/\/ddt.lv\/lv\/wp-json\/wp\/v2\/product_tag?post=21275"},{"taxonomy":"yst_prominent_words","embeddable":true,"href":"https:\/\/ddt.lv\/lv\/wp-json\/wp\/v2\/yst_prominent_words?post=21275"}],"curies":[{"name":"wp","href":"https:\/\/api.w.org\/{rel}","templated":true}]}}