{"id":21208,"date":"2020-01-29T12:06:26","date_gmt":"2020-01-29T10:06:26","guid":{"rendered":"https:\/\/ddt.lv\/lv\/product\/57651-value-usb-duo-ladejama-ierice-bl1-varta\/"},"modified":"2026-04-08T14:36:45","modified_gmt":"2026-04-08T11:36:45","slug":"57651-value-usb-duo-ladejama-ierice-bl1-varta","status":"publish","type":"product","link":"https:\/\/ddt.lv\/lv\/product\/57651-value-usb-duo-ladejama-ierice-bl1-varta\/","title":{"rendered":"57651 Bateriju (Accu) l\u0101d\u0113t\u0101js VARTA Value USB Duo"},"content":{"rendered":"<p>Jaunums no ra\u017eot\u0101ja Varta &#8211; akumulatoru tipa bateriju l\u0101d\u0113t\u0101js, kur\u0161 darbojas no USB baro\u0161anas!<\/p>\n","protected":false},"excerpt":{"rendered":"<p>Jaunums no ra\u017eot\u0101ja Varta &#8211; akumulatoru tipa bateriju l\u0101d\u0113t\u0101js, kur\u0161 darbojas no USB baro\u0161anas!<\/p>\n","protected":false},"featured_media":21290,"comment_status":"closed","ping_status":"closed","template":"","meta":{"inline_featured_image":false},"product_cat":[772,453],"product_tag":[],"yst_prominent_words":[],"class_list":{"0":"post-21208","1":"product","2":"type-product","3":"status-publish","4":"has-post-thumbnail","6":"product_cat-atlaides","7":"product_cat-ladesanas-ierices","9":"first","10":"instock","11":"sale","12":"taxable","13":"shipping-taxable","14":"purchasable","15":"product-type-simple"},"jetpack_sharing_enabled":true,"_links":{"self":[{"href":"https:\/\/ddt.lv\/lv\/wp-json\/wp\/v2\/product\/21208"}],"collection":[{"href":"https:\/\/ddt.lv\/lv\/wp-json\/wp\/v2\/product"}],"about":[{"href":"https:\/\/ddt.lv\/lv\/wp-json\/wp\/v2\/types\/product"}],"replies":[{"embeddable":true,"href":"https:\/\/ddt.lv\/lv\/wp-json\/wp\/v2\/comments?post=21208"}],"wp:featuredmedia":[{"embeddable":true,"href":"https:\/\/ddt.lv\/lv\/wp-json\/wp\/v2\/media\/21290"}],"wp:attachment":[{"href":"https:\/\/ddt.lv\/lv\/wp-json\/wp\/v2\/media?parent=21208"}],"wp:term":[{"taxonomy":"product_cat","embeddable":true,"href":"https:\/\/ddt.lv\/lv\/wp-json\/wp\/v2\/product_cat?post=21208"},{"taxonomy":"product_tag","embeddable":true,"href":"https:\/\/ddt.lv\/lv\/wp-json\/wp\/v2\/product_tag?post=21208"},{"taxonomy":"yst_prominent_words","embeddable":true,"href":"https:\/\/ddt.lv\/lv\/wp-json\/wp\/v2\/yst_prominent_words?post=21208"}],"curies":[{"name":"wp","href":"https:\/\/api.w.org\/{rel}","templated":true}]}}