{"id":21075,"date":"2020-01-27T14:44:11","date_gmt":"2020-01-27T12:44:11","guid":{"rendered":"https:\/\/ddt.lv\/lv\/product\/mikrovilnu-kustibu-sensors-360max-8m-1200w-ip20-iebuv-emos\/"},"modified":"2026-04-08T14:30:58","modified_gmt":"2026-04-08T11:30:58","slug":"mikrovilnu-kustibu-sensors-360max-8m-1200w-ip20-iebuv-emos","status":"publish","type":"product","link":"https:\/\/ddt.lv\/lv\/product\/mikrovilnu-kustibu-sensors-360max-8m-1200w-ip20-iebuv-emos\/","title":{"rendered":"Mikrovi\u013c\u0146u kust\u012bbu sensors EMOS 360&#8242;,max 8m 1200W IP20 ieb\u016bv\u0113jams"},"content":{"rendered":"<p>Mikrovi\u013c\u0146u kust\u012bbu sensors 360&#8242; no ra\u017eot\u0101ja Emos.<\/p>\n","protected":false},"excerpt":{"rendered":"<p>Mikrovi\u013c\u0146u kust\u012bbu sensors 360&#8242; no ra\u017eot\u0101ja Emos.<\/p>\n","protected":false},"featured_media":21086,"comment_status":"closed","ping_status":"closed","template":"","meta":{"inline_featured_image":false},"product_cat":[900],"product_tag":[],"yst_prominent_words":[],"class_list":{"0":"post-21075","1":"product","2":"type-product","3":"status-publish","4":"has-post-thumbnail","6":"product_cat-sensori-u-c-piederumi","8":"first","9":"instock","10":"taxable","11":"shipping-taxable","12":"purchasable","13":"product-type-simple"},"jetpack_sharing_enabled":true,"_links":{"self":[{"href":"https:\/\/ddt.lv\/lv\/wp-json\/wp\/v2\/product\/21075"}],"collection":[{"href":"https:\/\/ddt.lv\/lv\/wp-json\/wp\/v2\/product"}],"about":[{"href":"https:\/\/ddt.lv\/lv\/wp-json\/wp\/v2\/types\/product"}],"replies":[{"embeddable":true,"href":"https:\/\/ddt.lv\/lv\/wp-json\/wp\/v2\/comments?post=21075"}],"wp:featuredmedia":[{"embeddable":true,"href":"https:\/\/ddt.lv\/lv\/wp-json\/wp\/v2\/media\/21086"}],"wp:attachment":[{"href":"https:\/\/ddt.lv\/lv\/wp-json\/wp\/v2\/media?parent=21075"}],"wp:term":[{"taxonomy":"product_cat","embeddable":true,"href":"https:\/\/ddt.lv\/lv\/wp-json\/wp\/v2\/product_cat?post=21075"},{"taxonomy":"product_tag","embeddable":true,"href":"https:\/\/ddt.lv\/lv\/wp-json\/wp\/v2\/product_tag?post=21075"},{"taxonomy":"yst_prominent_words","embeddable":true,"href":"https:\/\/ddt.lv\/lv\/wp-json\/wp\/v2\/yst_prominent_words?post=21075"}],"curies":[{"name":"wp","href":"https:\/\/api.w.org\/{rel}","templated":true}]}}