{"id":21072,"date":"2020-01-27T14:44:10","date_gmt":"2020-01-27T12:44:10","guid":{"rendered":"https:\/\/ddt.lv\/lv\/product\/kustibu-sensors-360-max-3m-1200w-ip20-balts-emos\/"},"modified":"2026-04-01T00:10:56","modified_gmt":"2026-03-31T21:10:56","slug":"kustibu-sensors-360-max-3m-1200w-ip20-balts-emos","status":"publish","type":"product","link":"https:\/\/ddt.lv\/lv\/product\/kustibu-sensors-360-max-3m-1200w-ip20-balts-emos\/","title":{"rendered":"Kust\u012bbu sensors EMOS 360&#8242;, max 6m 1200W IP20"},"content":{"rendered":"<p>Kust\u012bbu sensors 360&#8242; no ra\u017eot\u0101ja Emos.<\/p>\n","protected":false},"excerpt":{"rendered":"<p>Kust\u012bbu sensors 360&#8242; no ra\u017eot\u0101ja Emos.<\/p>\n","protected":false},"featured_media":21096,"comment_status":"closed","ping_status":"closed","template":"","meta":{"inline_featured_image":false},"product_cat":[900],"product_tag":[],"yst_prominent_words":[],"class_list":{"0":"post-21072","1":"product","2":"type-product","3":"status-publish","4":"has-post-thumbnail","6":"product_cat-sensori-u-c-piederumi","8":"first","9":"instock","10":"taxable","11":"shipping-taxable","12":"purchasable","13":"product-type-simple"},"jetpack_sharing_enabled":true,"_links":{"self":[{"href":"https:\/\/ddt.lv\/lv\/wp-json\/wp\/v2\/product\/21072"}],"collection":[{"href":"https:\/\/ddt.lv\/lv\/wp-json\/wp\/v2\/product"}],"about":[{"href":"https:\/\/ddt.lv\/lv\/wp-json\/wp\/v2\/types\/product"}],"replies":[{"embeddable":true,"href":"https:\/\/ddt.lv\/lv\/wp-json\/wp\/v2\/comments?post=21072"}],"wp:featuredmedia":[{"embeddable":true,"href":"https:\/\/ddt.lv\/lv\/wp-json\/wp\/v2\/media\/21096"}],"wp:attachment":[{"href":"https:\/\/ddt.lv\/lv\/wp-json\/wp\/v2\/media?parent=21072"}],"wp:term":[{"taxonomy":"product_cat","embeddable":true,"href":"https:\/\/ddt.lv\/lv\/wp-json\/wp\/v2\/product_cat?post=21072"},{"taxonomy":"product_tag","embeddable":true,"href":"https:\/\/ddt.lv\/lv\/wp-json\/wp\/v2\/product_tag?post=21072"},{"taxonomy":"yst_prominent_words","embeddable":true,"href":"https:\/\/ddt.lv\/lv\/wp-json\/wp\/v2\/yst_prominent_words?post=21072"}],"curies":[{"name":"wp","href":"https:\/\/api.w.org\/{rel}","templated":true}]}}